{"id":1049,"date":"2020-07-24T13:52:27","date_gmt":"2020-07-24T17:52:27","guid":{"rendered":"http:\/\/new.paro.ca\/?page_id=1049"},"modified":"2025-05-26T16:08:59","modified_gmt":"2025-05-26T20:08:59","slug":"wage-subsidies","status":"publish","type":"page","link":"https:\/\/paro.ca\/fr\/wage-subsidies\/","title":{"rendered":"Subventions salariales"},"content":{"rendered":"<div data-elementor-type=\"wp-page\" data-elementor-id=\"1049\" class=\"elementor elementor-1049\" data-elementor-settings=\"[]\">\n\t\t\t\t\t\t<div class=\"elementor-inner\">\n\t\t\t\t\t\t\t<div class=\"elementor-section-wrap\">\n\t\t\t\t\t\t\t<section class=\"elementor-section elementor-top-section elementor-element elementor-element-4c1a495 elementor-section-stretched elementor-section-full_width elementor-section-height-default elementor-section-height-default\" data-id=\"4c1a495\" data-element_type=\"section\" data-settings=\"{&quot;stretch_section&quot;:&quot;section-stretched&quot;}\">\n\t\t\t\t\t\t<div class=\"elementor-container elementor-column-gap-default\">\n\t\t\t\t\t\t\t<div class=\"elementor-row\">\n\t\t\t\t\t<div class=\"elementor-column elementor-col-100 elementor-top-column elementor-element elementor-element-0b872b2\" data-id=\"0b872b2\" data-element_type=\"column\" data-settings=\"{&quot;background_background&quot;:&quot;classic&quot;}\">\n\t\t\t<div class=\"elementor-column-wrap elementor-element-populated\">\n\t\t\t\t\t<div class=\"elementor-background-overlay\"><\/div>\n\t\t\t\t\t\t\t<div class=\"elementor-widget-wrap\">\n\t\t\t\t\t\t<div class=\"elementor-element elementor-element-9cafafb elementor-widget elementor-widget-heading\" data-id=\"9cafafb\" data-element_type=\"widget\" data-widget_type=\"heading.default\">\n\t\t\t\t<div class=\"elementor-widget-container\">\n\t\t\t<h1 class=\"elementor-heading-title elementor-size-xxl\"><br>Subventions salariales<\/h1>\t\t<\/div>\n\t\t\t\t<\/div>\n\t\t\t\t\t\t<\/div>\n\t\t\t\t\t<\/div>\n\t\t<\/div>\n\t\t\t\t\t\t\t\t<\/div>\n\t\t\t\t\t<\/div>\n\t\t<\/section>\n\t\t\t\t<section class=\"elementor-section elementor-top-section elementor-element elementor-element-f0d1626 elementor-section-height-min-height elementor-section-stretched elementor-section-boxed elementor-section-height-default elementor-section-items-middle\" data-id=\"f0d1626\" data-element_type=\"section\" data-settings=\"{&quot;background_background&quot;:&quot;classic&quot;,&quot;stretch_section&quot;:&quot;section-stretched&quot;}\">\n\t\t\t\t\t\t<div class=\"elementor-container elementor-column-gap-default\">\n\t\t\t\t\t\t\t<div class=\"elementor-row\">\n\t\t\t\t\t<div class=\"elementor-column elementor-col-100 elementor-top-column elementor-element elementor-element-d4d7b58 animated-slow elementor-invisible\" data-id=\"d4d7b58\" data-element_type=\"column\" data-settings=\"{&quot;animation&quot;:&quot;fadeIn&quot;,&quot;background_background&quot;:&quot;classic&quot;}\">\n\t\t\t<div class=\"elementor-column-wrap elementor-element-populated\">\n\t\t\t\t\t<div class=\"elementor-background-overlay\"><\/div>\n\t\t\t\t\t\t\t<div class=\"elementor-widget-wrap\">\n\t\t\t\t\t\t<div class=\"elementor-element elementor-element-f39287a elementor-invisible elementor-widget elementor-widget-text-editor\" data-id=\"f39287a\" data-element_type=\"widget\" data-settings=\"{&quot;_animation&quot;:&quot;fadeIn&quot;}\" data-widget_type=\"text-editor.default\">\n\t\t\t\t<div class=\"elementor-widget-container\">\n\t\t\t\t\t<div class=\"elementor-text-editor elementor-clearfix\"><h1 style=\"text-align: left;\"><span style=\"color: #008080;\"><strong>Index des subventions salariales des employeurs<\/strong><\/span><\/h1><h2><span style=\"text-decoration: underline;\"><span style=\"color: #000000; text-decoration: underline;\">Information\u00a0<\/span><\/span><\/h2><h5><a href=\"http:\/\/www.cra-arc.gc.ca\">Cr\u00e9dit d\u2019imp\u00f4t pour la formation en apprentissage<\/a><\/h5><h5><a href=\"http:\/\/www.cra-arc.gc.ca\">Cr\u00e9dit d\u2019imp\u00f4t pour l\u2019\u00e9ducation coop\u00e9rative<\/a><\/h5><h5><a href=\"http:\/\/www.tcu.gov.on.ca\/\">Partenariats pour la cr\u00e9ation d\u2019emplois de l\u2019Ontario<\/a><\/h5><p>Appelez la ligne t\u00e9l\u00e9phonique gratuite d'Emploi Ontario au 1 800 387.5656.<\/p><hr align=\"left\" size=\"10\" width=\"100%\" \/><h2><span style=\"text-decoration: underline;\"><span style=\"color: #000000; text-decoration: underline;\">Service d\u2019emplois d\u2019\u00e9t\u00e9<\/span><\/span><\/h2><p>Les employeurs peuvent contacter <a href=\"http:\/\/www.tcu.gov.on.ca\/\">l\u2019Agence emplois d\u2019\u00e9t\u00e9 pour \u00e9tudiants dans la fonction publique de l\u2019Ontario la plus proche.<\/a>.<\/p><h5><a href=\"http:\/\/www.ic.gc.ca\/\">Innovation, Sciences et D\u00e9veloppement \u00e9conomique Canada (ISDE)<\/a><\/h5><h5><a href=\"https:\/\/www.mentorworks.ca\/what-we-offer\/government-funding\/human-resources-and-training\/nohfc-youth-internship-coop\/\">Stages pour les jeunes et programmes co-op<\/a><\/h5><h5><a href=\"https:\/\/www.canada.ca\/en\/services\/business\/hire\/wagesubsidiesotherassistanceprograms.html\">Subventions salariales et autres programmes d'aide de l\u2019Ontario<\/a><\/h5><p>Appelez la ligne t\u00e9l\u00e9phonique gratuite d'Emploi Ontario au 1 800 387.5656.<\/p><hr align=\"left\" size=\"10\" width=\"100%\" \/><h2><span style=\"text-decoration: underline;\"><span style=\"color: #000000; text-decoration: underline;\">Orientation de carri\u00e8re<\/span><\/span><\/h2><p>Veuillez contacter votre bureau local de <a title=\"Service Canada Centre\" href=\"http:\/\/www.servicecanada.gc.ca\/cgi-bin\/hr-search.cgi?app=hme&amp;ln=eng\">Service Canada Centre<\/a>.<\/p><hr align=\"left\" size=\"10\" width=\"100%\" \/><h2><span style=\"text-decoration: underline;\"><span style=\"color: #000000; text-decoration: underline;\">Strat\u00e9gie d\u2019emploi pour les jeunes \u2013 Exp\u00e9rience d\u2019emploi d\u2019\u00e9t\u00e9<\/span>e<\/span><\/h2><p>Appelez 1 800 935.5555 (TTY : 1 800 926.9105); en personne \u00e0 un bureau de <a title=\"Service Canada Centre near you\" href=\"http:\/\/www.servicecanada.gc.ca\/cgi-bin\/hr-search.cgi?app=hme&amp;ln=eng\">Service Canada Centre<\/a> proche de vous.<\/p><hr align=\"left\" size=\"10\" width=\"100%\" \/><h2><span style=\"text-decoration: underline;\"><span style=\"color: #000000; text-decoration: underline;\">Prime \u00e0 la signature de l'employeur<\/span><\/span><\/h2><p>Vous pouvez b\u00e9n\u00e9ficier d'une prime \u00e0 la signature de 2,000 dollars si vous inscrivez un nouvel apprenti dans un secteur en forte demande de travailleurs qualifi\u00e9s.  Appelez la ligne d'assistance gratuite d'Emploi Ontario au 1 800 387.5656.<\/p><hr align=\"left\" size=\"10\" width=\"100%\" \/><h2><span style=\"text-decoration: underline;\"><span style=\"color: #000000; text-decoration: underline;\">Fonds d'opportunit\u00e9s pour les personnes handicap\u00e9es<\/span><\/span><\/h2><p>L'aide financi\u00e8re aux particuliers et le financement de projets locaux et r\u00e9gionaux sont fournis par les bureaux locaux de <a title=\"Service Canada Centres\" href=\"http:\/\/www.servicecanada.gc.ca\/cgi-bin\/hr-search.cgi?app=hme&amp;ln=eng\">Service Canada Centres<\/a>ou par un fournisseur de services engag\u00e9 par le bureau local, par exemple le Centre de ressources pour la vie autonome.<\/p><\/div>\n\t\t\t\t<\/div>\n\t\t\t\t<\/div>\n\t\t\t\t\t\t<\/div>\n\t\t\t\t\t<\/div>\n\t\t<\/div>\n\t\t\t\t\t\t\t\t<\/div>\n\t\t\t\t\t<\/div>\n\t\t<\/section>\n\t\t\t\t<section class=\"elementor-section elementor-top-section elementor-element elementor-element-0874b72 elementor-section-stretched elementor-section-boxed elementor-section-height-default elementor-section-height-default\" data-id=\"0874b72\" data-element_type=\"section\" data-settings=\"{&quot;background_background&quot;:&quot;classic&quot;,&quot;stretch_section&quot;:&quot;section-stretched&quot;}\">\n\t\t\t\t\t\t\t<div class=\"elementor-background-overlay\"><\/div>\n\t\t\t\t\t\t\t<div class=\"elementor-container elementor-column-gap-default\">\n\t\t\t\t\t\t\t<div class=\"elementor-row\">\n\t\t\t\t\t<div class=\"elementor-column elementor-col-100 elementor-top-column elementor-element elementor-element-2c319f5\" data-id=\"2c319f5\" data-element_type=\"column\">\n\t\t\t<div class=\"elementor-column-wrap elementor-element-populated\">\n\t\t\t\t\t\t\t<div class=\"elementor-widget-wrap\">\n\t\t\t\t\t\t<section class=\"elementor-section elementor-inner-section elementor-element elementor-element-cc7a741 elementor-section-boxed elementor-section-height-default elementor-section-height-default\" data-id=\"cc7a741\" data-element_type=\"section\">\n\t\t\t\t\t\t<div class=\"elementor-container elementor-column-gap-default\">\n\t\t\t\t\t\t\t<div class=\"elementor-row\">\n\t\t\t\t\t<div class=\"elementor-column elementor-col-33 elementor-inner-column elementor-element elementor-element-e3527d5\" data-id=\"e3527d5\" data-element_type=\"column\">\n\t\t\t<div class=\"elementor-column-wrap elementor-element-populated\">\n\t\t\t\t\t\t\t<div class=\"elementor-widget-wrap\">\n\t\t\t\t\t\t<div class=\"elementor-element elementor-element-3345783 elementor-widget elementor-widget-counter\" data-id=\"3345783\" data-element_type=\"widget\" data-widget_type=\"counter.default\">\n\t\t\t\t<div class=\"elementor-widget-container\">\n\t\t\t\t\t<div class=\"elementor-counter\">\n\t\t\t<div class=\"elementor-counter-number-wrapper\">\n\t\t\t\t<span class=\"elementor-counter-number-prefix\"><\/span>\n\t\t\t\t<span class=\"elementor-counter-number\" data-duration=\"2000\" data-to-value=\"34863\" data-from-value=\"0\" data-delimiter=\",\">0<\/span>\n\t\t\t\t<span class=\"elementor-counter-number-suffix\"><\/span>\n\t\t\t<\/div>\n\t\t\t\t\t\t\t<div class=\"elementor-counter-title\">Entreprises soutenues<\/div>\n\t\t\t\t\t<\/div>\n\t\t\t\t<\/div>\n\t\t\t\t<\/div>\n\t\t\t\t\t\t<\/div>\n\t\t\t\t\t<\/div>\n\t\t<\/div>\n\t\t\t\t<div class=\"elementor-column elementor-col-33 elementor-inner-column elementor-element elementor-element-fa36b85\" data-id=\"fa36b85\" data-element_type=\"column\">\n\t\t\t<div class=\"elementor-column-wrap elementor-element-populated\">\n\t\t\t\t\t\t\t<div class=\"elementor-widget-wrap\">\n\t\t\t\t\t\t<div class=\"elementor-element elementor-element-b6567af elementor-widget elementor-widget-counter\" data-id=\"b6567af\" data-element_type=\"widget\" data-widget_type=\"counter.default\">\n\t\t\t\t<div class=\"elementor-widget-container\">\n\t\t\t\t\t<div class=\"elementor-counter\">\n\t\t\t<div class=\"elementor-counter-number-wrapper\">\n\t\t\t\t<span class=\"elementor-counter-number-prefix\">$<\/span>\n\t\t\t\t<span class=\"elementor-counter-number\" data-duration=\"2000\" data-to-value=\"10855044\" data-from-value=\"0\" data-delimiter=\",\">0<\/span>\n\t\t\t\t<span class=\"elementor-counter-number-suffix\"><\/span>\n\t\t\t<\/div>\n\t\t\t\t\t\t\t<div class=\"elementor-counter-title\">Subventions des programmes PARO <\/div>\n\t\t\t\t\t<\/div>\n\t\t\t\t<\/div>\n\t\t\t\t<\/div>\n\t\t\t\t\t\t<\/div>\n\t\t\t\t\t<\/div>\n\t\t<\/div>\n\t\t\t\t<div class=\"elementor-column elementor-col-33 elementor-inner-column elementor-element elementor-element-d4068d3\" data-id=\"d4068d3\" data-element_type=\"column\">\n\t\t\t<div class=\"elementor-column-wrap elementor-element-populated\">\n\t\t\t\t\t\t\t<div class=\"elementor-widget-wrap\">\n\t\t\t\t\t\t<div class=\"elementor-element elementor-element-6d4d541 elementor-widget elementor-widget-counter\" data-id=\"6d4d541\" data-element_type=\"widget\" data-widget_type=\"counter.default\">\n\t\t\t\t<div class=\"elementor-widget-container\">\n\t\t\t\t\t<div class=\"elementor-counter\">\n\t\t\t<div class=\"elementor-counter-number-wrapper\">\n\t\t\t\t<span class=\"elementor-counter-number-prefix\">$<\/span>\n\t\t\t\t<span class=\"elementor-counter-number\" data-duration=\"2000\" data-to-value=\"16522183\" data-from-value=\"0\" data-delimiter=\",\">0<\/span>\n\t\t\t\t<span class=\"elementor-counter-number-suffix\"><\/span>\n\t\t\t<\/div>\n\t\t\t\t\t\t\t<div class=\"elementor-counter-title\">Total en dollars des subventions vers\u00e9es aux clients<\/div>\n\t\t\t\t\t<\/div>\n\t\t\t\t<\/div>\n\t\t\t\t<\/div>\n\t\t\t\t\t\t<\/div>\n\t\t\t\t\t<\/div>\n\t\t<\/div>\n\t\t\t\t\t\t\t\t<\/div>\n\t\t\t\t\t<\/div>\n\t\t<\/section>\n\t\t\t\t\t\t<\/div>\n\t\t\t\t\t<\/div>\n\t\t<\/div>\n\t\t\t\t\t\t\t\t<\/div>\n\t\t\t\t\t<\/div>\n\t\t<\/section>\n\t\t\t\t<section class=\"elementor-section elementor-top-section elementor-element elementor-element-4c692e0 elementor-section-stretched elementor-section-boxed elementor-section-height-default elementor-section-height-default\" data-id=\"4c692e0\" data-element_type=\"section\" data-settings=\"{&quot;stretch_section&quot;:&quot;section-stretched&quot;}\">\n\t\t\t\t\t\t<div class=\"elementor-container elementor-column-gap-default\">\n\t\t\t\t\t\t\t<div class=\"elementor-row\">\n\t\t\t\t\t<div class=\"elementor-column elementor-col-100 elementor-top-column elementor-element elementor-element-d936053\" data-id=\"d936053\" data-element_type=\"column\">\n\t\t\t<div class=\"elementor-column-wrap elementor-element-populated\">\n\t\t\t\t\t\t\t<div class=\"elementor-widget-wrap\">\n\t\t\t\t\t\t<section class=\"elementor-section elementor-inner-section elementor-element elementor-element-24dd896 elementor-section-full_width elementor-section-height-default elementor-section-height-default\" data-id=\"24dd896\" data-element_type=\"section\">\n\t\t\t\t\t\t<div class=\"elementor-container elementor-column-gap-wide\">\n\t\t\t\t\t\t\t<div class=\"elementor-row\">\n\t\t\t\t\t<div class=\"elementor-column elementor-col-25 elementor-inner-column elementor-element elementor-element-274ec9b\" data-id=\"274ec9b\" data-element_type=\"column\">\n\t\t\t<div class=\"elementor-column-wrap elementor-element-populated\">\n\t\t\t\t\t\t\t<div class=\"elementor-widget-wrap\">\n\t\t\t\t\t\t<div class=\"elementor-element elementor-element-ea1a059 elementor-widget elementor-widget-spacer\" data-id=\"ea1a059\" data-element_type=\"widget\" data-widget_type=\"spacer.default\">\n\t\t\t\t<div class=\"elementor-widget-container\">\n\t\t\t\t\t<div class=\"elementor-spacer\">\n\t\t\t<div class=\"elementor-spacer-inner\"><\/div>\n\t\t<\/div>\n\t\t\t\t<\/div>\n\t\t\t\t<\/div>\n\t\t\t\t<div class=\"elementor-element elementor-element-3ca6ce7 elementor-widget elementor-widget-image\" data-id=\"3ca6ce7\" data-element_type=\"widget\" data-widget_type=\"image.default\">\n\t\t\t\t<div class=\"elementor-widget-container\">\n\t\t\t\t\t<div class=\"elementor-image\">\n\t\t\t\t\t\t\t\t\t\t\t<a href=\"https:\/\/www.canada.ca\/en.html\">\n\t\t\t\t\t\t\t<img decoding=\"async\" width=\"1920\" height=\"384\" data-src=\"https:\/\/paro.ca\/wp-content\/uploads\/2020\/12\/bigggggggggg-2.png\" class=\"attachment-punte-1920x1080 size-punte-1920x1080 lazyload\" alt=\"\" data-srcset=\"https:\/\/paro.ca\/wp-content\/uploads\/2020\/12\/bigggggggggg-2.png 1920w, https:\/\/paro.ca\/wp-content\/uploads\/2020\/12\/bigggggggggg-2-300x60.png 300w, https:\/\/paro.ca\/wp-content\/uploads\/2020\/12\/bigggggggggg-2-1024x205.png 1024w, https:\/\/paro.ca\/wp-content\/uploads\/2020\/12\/bigggggggggg-2-768x154.png 768w, https:\/\/paro.ca\/wp-content\/uploads\/2020\/12\/bigggggggggg-2-1536x307.png 1536w, https:\/\/paro.ca\/wp-content\/uploads\/2020\/12\/bigggggggggg-2-16x3.png 16w, https:\/\/paro.ca\/wp-content\/uploads\/2020\/12\/bigggggggggg-2-600x120.png 600w\" data-sizes=\"(max-width: 1920px) 100vw, 1920px\" src=\"data:image\/svg+xml;base64,PHN2ZyB3aWR0aD0iMSIgaGVpZ2h0PSIxIiB4bWxucz0iaHR0cDovL3d3dy53My5vcmcvMjAwMC9zdmciPjwvc3ZnPg==\" style=\"--smush-placeholder-width: 1920px; --smush-placeholder-aspect-ratio: 1920\/384;\" \/>\t\t\t\t\t\t\t\t<\/a>\n\t\t\t\t\t\t\t\t\t\t\t<\/div>\n\t\t\t\t<\/div>\n\t\t\t\t<\/div>\n\t\t\t\t\t\t<\/div>\n\t\t\t\t\t<\/div>\n\t\t<\/div>\n\t\t\t\t<div class=\"elementor-column elementor-col-25 elementor-inner-column elementor-element elementor-element-dac26b8\" data-id=\"dac26b8\" data-element_type=\"column\">\n\t\t\t<div class=\"elementor-column-wrap elementor-element-populated\">\n\t\t\t\t\t\t\t<div class=\"elementor-widget-wrap\">\n\t\t\t\t\t\t<div class=\"elementor-element elementor-element-3a6d60f elementor-widget elementor-widget-spacer\" data-id=\"3a6d60f\" data-element_type=\"widget\" data-widget_type=\"spacer.default\">\n\t\t\t\t<div class=\"elementor-widget-container\">\n\t\t\t\t\t<div class=\"elementor-spacer\">\n\t\t\t<div class=\"elementor-spacer-inner\"><\/div>\n\t\t<\/div>\n\t\t\t\t<\/div>\n\t\t\t\t<\/div>\n\t\t\t\t<div class=\"elementor-element elementor-element-53b38b6 elementor-widget elementor-widget-image\" data-id=\"53b38b6\" data-element_type=\"widget\" data-widget_type=\"image.default\">\n\t\t\t\t<div class=\"elementor-widget-container\">\n\t\t\t\t\t<div class=\"elementor-image\">\n\t\t\t\t\t\t\t\t\t\t\t<a href=\"https:\/\/cfc-swc.gc.ca\/index-en.html\">\n\t\t\t\t\t\t\t<img decoding=\"async\" width=\"300\" height=\"300\" data-src=\"https:\/\/paro.ca\/wp-content\/uploads\/2020\/07\/can-1-300x300.png\" class=\"attachment-medium size-medium lazyload\" alt=\"\" data-srcset=\"https:\/\/paro.ca\/wp-content\/uploads\/2020\/07\/can-1-300x300.png 300w, https:\/\/paro.ca\/wp-content\/uploads\/2020\/07\/can-1-100x100.png 100w, https:\/\/paro.ca\/wp-content\/uploads\/2020\/07\/can-1-150x150.png 150w, https:\/\/paro.ca\/wp-content\/uploads\/2020\/07\/can-1.png 500w\" data-sizes=\"(max-width: 300px) 100vw, 300px\" src=\"data:image\/svg+xml;base64,PHN2ZyB3aWR0aD0iMSIgaGVpZ2h0PSIxIiB4bWxucz0iaHR0cDovL3d3dy53My5vcmcvMjAwMC9zdmciPjwvc3ZnPg==\" style=\"--smush-placeholder-width: 300px; --smush-placeholder-aspect-ratio: 300\/300;\" \/>\t\t\t\t\t\t\t\t<\/a>\n\t\t\t\t\t\t\t\t\t\t\t<\/div>\n\t\t\t\t<\/div>\n\t\t\t\t<\/div>\n\t\t\t\t\t\t<\/div>\n\t\t\t\t\t<\/div>\n\t\t<\/div>\n\t\t\t\t<div class=\"elementor-column elementor-col-25 elementor-inner-column elementor-element elementor-element-b537f87\" data-id=\"b537f87\" data-element_type=\"column\">\n\t\t\t<div class=\"elementor-column-wrap elementor-element-populated\">\n\t\t\t\t\t\t\t<div class=\"elementor-widget-wrap\">\n\t\t\t\t\t\t<div class=\"elementor-element elementor-element-6aa5337 elementor-widget elementor-widget-spacer\" data-id=\"6aa5337\" data-element_type=\"widget\" data-widget_type=\"spacer.default\">\n\t\t\t\t<div class=\"elementor-widget-container\">\n\t\t\t\t\t<div class=\"elementor-spacer\">\n\t\t\t<div class=\"elementor-spacer-inner\"><\/div>\n\t\t<\/div>\n\t\t\t\t<\/div>\n\t\t\t\t<\/div>\n\t\t\t\t<div class=\"elementor-element elementor-element-05c221c elementor-widget elementor-widget-image\" data-id=\"05c221c\" data-element_type=\"widget\" data-widget_type=\"image.default\">\n\t\t\t\t<div class=\"elementor-widget-container\">\n\t\t\t\t\t<div class=\"elementor-image\">\n\t\t\t\t\t\t\t\t\t\t\t<a href=\"https:\/\/cfc-swc.gc.ca\/index-en.html\">\n\t\t\t\t\t\t\t<img decoding=\"async\" width=\"500\" height=\"500\" data-src=\"https:\/\/paro.ca\/wp-content\/uploads\/2020\/07\/can-2.png\" class=\"attachment-medium_large size-medium_large lazyload\" alt=\"\" data-srcset=\"https:\/\/paro.ca\/wp-content\/uploads\/2020\/07\/can-2.png 500w, https:\/\/paro.ca\/wp-content\/uploads\/2020\/07\/can-2-100x100.png 100w, https:\/\/paro.ca\/wp-content\/uploads\/2020\/07\/can-2-300x300.png 300w, https:\/\/paro.ca\/wp-content\/uploads\/2020\/07\/can-2-150x150.png 150w\" data-sizes=\"(max-width: 500px) 100vw, 500px\" src=\"data:image\/svg+xml;base64,PHN2ZyB3aWR0aD0iMSIgaGVpZ2h0PSIxIiB4bWxucz0iaHR0cDovL3d3dy53My5vcmcvMjAwMC9zdmciPjwvc3ZnPg==\" style=\"--smush-placeholder-width: 500px; --smush-placeholder-aspect-ratio: 500\/500;\" \/>\t\t\t\t\t\t\t\t<\/a>\n\t\t\t\t\t\t\t\t\t\t\t<\/div>\n\t\t\t\t<\/div>\n\t\t\t\t<\/div>\n\t\t\t\t\t\t<\/div>\n\t\t\t\t\t<\/div>\n\t\t<\/div>\n\t\t\t\t<div class=\"elementor-column elementor-col-25 elementor-inner-column elementor-element elementor-element-3b82c91\" data-id=\"3b82c91\" data-element_type=\"column\">\n\t\t\t<div class=\"elementor-column-wrap elementor-element-populated\">\n\t\t\t\t\t\t\t<div class=\"elementor-widget-wrap\">\n\t\t\t\t\t\t<div class=\"elementor-element elementor-element-3bbff80 elementor-widget elementor-widget-image\" data-id=\"3bbff80\" data-element_type=\"widget\" data-widget_type=\"image.default\">\n\t\t\t\t<div class=\"elementor-widget-container\">\n\t\t\t\t\t<div class=\"elementor-image\">\n\t\t\t\t\t\t\t\t\t\t\t<a href=\"https:\/\/wekh.ca\/\">\n\t\t\t\t\t\t\t<img decoding=\"async\" width=\"500\" height=\"500\" data-src=\"https:\/\/paro.ca\/wp-content\/uploads\/2020\/07\/wekh.png\" class=\"attachment-medium_large size-medium_large lazyload\" alt=\"\" src=\"data:image\/svg+xml;base64,PHN2ZyB3aWR0aD0iMSIgaGVpZ2h0PSIxIiB4bWxucz0iaHR0cDovL3d3dy53My5vcmcvMjAwMC9zdmciPjwvc3ZnPg==\" style=\"--smush-placeholder-width: 500px; --smush-placeholder-aspect-ratio: 500\/500;\" \/>\t\t\t\t\t\t\t\t<\/a>\n\t\t\t\t\t\t\t\t\t\t\t<\/div>\n\t\t\t\t<\/div>\n\t\t\t\t<\/div>\n\t\t\t\t\t\t<\/div>\n\t\t\t\t\t<\/div>\n\t\t<\/div>\n\t\t\t\t\t\t\t\t<\/div>\n\t\t\t\t\t<\/div>\n\t\t<\/section>\n\t\t\t\t\t\t<\/div>\n\t\t\t\t\t<\/div>\n\t\t<\/div>\n\t\t\t\t\t\t\t\t<\/div>\n\t\t\t\t\t<\/div>\n\t\t<\/section>\n\t\t\t\t\t\t<\/div>\n\t\t\t\t\t\t<\/div>\n\t\t\t\t\t<\/div>","protected":false},"excerpt":{"rendered":"<p>Wage Subsidies Employers Wage Subsidy Index Information\u00a0 Apprenticeship Training Tax Credit Co-operative Education Tax Credit Ontario Job Creation Partnerships Call the toll-free Employment Ontario hotline at 1-800-387-5656. Summer Jobs Service Employers can contact the nearest Employment Ontario Summer Jobs Service Agency. Small Business Internship Program (SBIP) Youth Internship and Co-Op Program Ontario Targeted Wage Subsidy [&hellip;]<\/p>\n","protected":false},"author":1,"featured_media":0,"parent":0,"menu_order":0,"comment_status":"closed","ping_status":"closed","template":"","meta":{"footnotes":""},"class_list":["post-1049","page","type-page","status-publish","hentry"],"_links":{"self":[{"href":"https:\/\/paro.ca\/fr\/wp-json\/wp\/v2\/pages\/1049","targetHints":{"allow":["GET"]}}],"collection":[{"href":"https:\/\/paro.ca\/fr\/wp-json\/wp\/v2\/pages"}],"about":[{"href":"https:\/\/paro.ca\/fr\/wp-json\/wp\/v2\/types\/page"}],"author":[{"embeddable":true,"href":"https:\/\/paro.ca\/fr\/wp-json\/wp\/v2\/users\/1"}],"replies":[{"embeddable":true,"href":"https:\/\/paro.ca\/fr\/wp-json\/wp\/v2\/comments?post=1049"}],"version-history":[{"count":0,"href":"https:\/\/paro.ca\/fr\/wp-json\/wp\/v2\/pages\/1049\/revisions"}],"wp:attachment":[{"href":"https:\/\/paro.ca\/fr\/wp-json\/wp\/v2\/media?parent=1049"}],"curies":[{"name":"wp","href":"https:\/\/api.w.org\/{rel}","templated":true}]}}