{"id":12973,"date":"2025-01-17T15:08:06","date_gmt":"2025-01-17T20:08:06","guid":{"rendered":"https:\/\/paro.ca\/?page_id=12973"},"modified":"2025-01-22T15:54:03","modified_gmt":"2025-01-22T20:54:03","slug":"womens-innovation-initiative-win","status":"publish","type":"page","link":"https:\/\/paro.ca\/fr\/womens-innovation-initiative-win\/","title":{"rendered":"Women&#8217;s Innovation Initiative (WIN)"},"content":{"rendered":"<div data-elementor-type=\"wp-page\" data-elementor-id=\"12973\" class=\"elementor elementor-12973\" data-elementor-settings=\"[]\">\n\t\t\t\t\t\t<div class=\"elementor-inner\">\n\t\t\t\t\t\t\t<div class=\"elementor-section-wrap\">\n\t\t\t\t\t\t\t<section class=\"elementor-section elementor-top-section elementor-element elementor-element-0f90bee elementor-section-stretched elementor-section-full_width elementor-section-height-default elementor-section-height-default\" data-id=\"0f90bee\" data-element_type=\"section\" data-settings=\"{&quot;stretch_section&quot;:&quot;section-stretched&quot;}\">\n\t\t\t\t\t\t<div class=\"elementor-container elementor-column-gap-default\">\n\t\t\t\t\t\t\t<div class=\"elementor-row\">\n\t\t\t\t\t<div class=\"elementor-column elementor-col-100 elementor-top-column elementor-element elementor-element-c89a1ac\" data-id=\"c89a1ac\" data-element_type=\"column\" data-settings=\"{&quot;background_background&quot;:&quot;classic&quot;}\">\n\t\t\t<div class=\"elementor-column-wrap elementor-element-populated\">\n\t\t\t\t\t<div class=\"elementor-background-overlay\"><\/div>\n\t\t\t\t\t\t\t<div class=\"elementor-widget-wrap\">\n\t\t\t\t\t\t<div class=\"elementor-element elementor-element-4959db1 elementor-widget elementor-widget-heading\" data-id=\"4959db1\" data-element_type=\"widget\" data-widget_type=\"heading.default\">\n\t\t\t\t<div class=\"elementor-widget-container\">\n\t\t\t<h1 class=\"elementor-heading-title elementor-size-xxl\">\n<br>Women's Innovation Initiative (WIN)<\/h1>\t\t<\/div>\n\t\t\t\t<\/div>\n\t\t\t\t\t\t<\/div>\n\t\t\t\t\t<\/div>\n\t\t<\/div>\n\t\t\t\t\t\t\t\t<\/div>\n\t\t\t\t\t<\/div>\n\t\t<\/section>\n\t\t\t\t<section class=\"elementor-section elementor-top-section elementor-element elementor-element-32c345a elementor-section-height-min-height elementor-section-stretched elementor-section-boxed elementor-section-height-default elementor-section-items-middle\" data-id=\"32c345a\" data-element_type=\"section\" data-settings=\"{&quot;background_background&quot;:&quot;classic&quot;,&quot;stretch_section&quot;:&quot;section-stretched&quot;}\">\n\t\t\t\t\t\t<div class=\"elementor-container elementor-column-gap-default\">\n\t\t\t\t\t\t\t<div class=\"elementor-row\">\n\t\t\t\t\t<div class=\"elementor-column elementor-col-100 elementor-top-column elementor-element elementor-element-9a2b3be animated-slow elementor-invisible\" data-id=\"9a2b3be\" data-element_type=\"column\" data-settings=\"{&quot;animation&quot;:&quot;fadeIn&quot;,&quot;background_background&quot;:&quot;classic&quot;}\">\n\t\t\t<div class=\"elementor-column-wrap elementor-element-populated\">\n\t\t\t\t\t<div class=\"elementor-background-overlay\"><\/div>\n\t\t\t\t\t\t\t<div class=\"elementor-widget-wrap\">\n\t\t\t\t\t\t<div class=\"elementor-element elementor-element-b306903 elementor-invisible elementor-widget elementor-widget-text-editor\" data-id=\"b306903\" data-element_type=\"widget\" data-settings=\"{&quot;_animation&quot;:&quot;fadeIn&quot;}\" data-widget_type=\"text-editor.default\">\n\t\t\t\t<div class=\"elementor-widget-container\">\n\t\t\t\t\t<div class=\"elementor-text-editor elementor-clearfix\"><h4><strong>Initiative d\u2019innovation des femmes (WIN)<\/strong><\/h4><div>L\u2019Initiative d\u2019innovation des femmes (WIN) est d\u00e9di\u00e9e au soutien des petites et moyennes entreprises (PME) dirig\u00e9es par des femmes dans le sud de l\u2019Ontario. Notre mission est de donner aux entrepreneures les moyens de faire cro\u00eetre leurs entreprises dans divers secteurs dynamiques tels que le logiciel-service (SaaS), les services num\u00e9riques, les technologies de la sant\u00e9, les technologies propres, l\u2019agroalimentaire et le secteur manufacturier.<\/div><div><br \/>WIN r\u00e9pond \u00e0 des enjeux cl\u00e9s et offre une gamme compl\u00e8te de services de soutien tels que :<br \/><br \/><\/div><div><strong>Mise \u00e0 l\u2019\u00e9chelle des entreprises dirig\u00e9es par des femmes -\u00a0<\/strong>soutiens \u00e0 la croissance des PME dirig\u00e9es par des femmes, incluant un accompagnement personnalis\u00e9 en t\u00eate-\u00e0-t\u00eate afin d\u2019aider les PME dirig\u00e9es par des femmes \u00e0 naviguer les complexit\u00e9s de la croissance et du d\u00e9veloppement des entreprises; ainsi que le d\u00e9veloppement de comp\u00e9tences renforc\u00e9es gr\u00e2ce \u00e0 des BIZCamps et des webinaires offrant un meilleur acc\u00e8s \u00e0 des formations, du mentorat et des soutiens de comp\u00e9tences avanc\u00e9es et sectorielles dans les domaines de la mise \u00e0 l\u2019\u00e9chelle, de l\u2019am\u00e9lioration de la productivit\u00e9 et de la cr\u00e9ation d\u2019un avantage concurrentiel; une meilleure compr\u00e9hension de l\u2019adoption technologique; et la promotion de pratiques durables et de la croissance propre au sein des PME.<br \/><br \/><\/div><div><strong>Acc\u00e8s \u00e0 de nouvelles occasions de croissance :<\/strong>\u00a0en offrant de la planification, du mentorat, des connaissances et un soutien financier essentiel afin de renforcer les entreprises dirig\u00e9es par des femmes dans leur croissance et leur mise \u00e0 l\u2019\u00e9chelle, notamment :\u00a0<\/div><ul><li><strong>BIZGrowth:<\/strong>\u00a0acc\u00e8s \u00e0 des contributions non remboursables pouvant atteindre 2 500 $ (jumel\u00e9es \u00e0 parts \u00e9gales par la PME, pour des projets totalisant 5 000 $) offertes aux PME existantes dans des secteurs de pointe et essentiels tels que le SaaS, les services num\u00e9riques, la sant\u00e9, l\u2019agroalimentaire et le secteur manufacturier, avec un accent sur les technologies propres et vertes, et qui souhaitent s\u2019\u00e9tendre vers de nouveaux march\u00e9s et mettre en \u0153uvre des plans de croissance innovants.\u00a0<\/li><li><strong>Cercles de prosp\u00e9rit\u00e9<\/strong>: acc\u00e8s \u00e0 un financement non remboursable pouvant atteindre 1 500 $ (jumel\u00e9 \u00e0 un minimum de 1:1 par les PME par le biais de pr\u00eats en deux \u00e9tapes des Cercles de pr\u00eats entre pairs Prosper, offerts par Alterna Savings et les CFDC du sud de l\u2019Ontario). Les Cercles de pr\u00eats entre pairs Prosper sont de petits groupes de femmes partageant les m\u00eames id\u00e9es qui se rencontrent r\u00e9guli\u00e8rement pour \u00e9changer leurs exp\u00e9riences et \u00e9largir leur r\u00e9seau professionnel. Les membres des Cercles de pr\u00eats Prosper participent \u00e0 l\u2019examen et \u00e0 l\u2019approbation des demandes de pr\u00eat des membres PARO de leur propre cercle.<br \/><br \/><\/li><\/ul><div><strong>\u00c9largissement de l\u2019acc\u00e8s aux march\u00e9s d\u2019exportation :\u00a0<\/strong>les PME dirig\u00e9es par des femmes sont sous-repr\u00e9sent\u00e9es parmi les entreprises exportatrices. Nous travaillons \u00e0 \u00e9largir les soutiens et \u00e0 cr\u00e9er des liens pour les entreprises dirig\u00e9es par des femmes qui souhaitent cro\u00eetre et accro\u00eetre leurs connaissances, leur r\u00e9seau et leurs occasions d\u2019exporter vers les march\u00e9s mondiaux.\u00a0<\/div><ul><li><strong>Possibilit\u00e9s de missions commerciales<\/strong>: Les PME dirig\u00e9es par des femmes re\u00e7oivent un soutien avant la mission, sur place et apr\u00e8s la mission de la part du personnel senior de PARO et de consultants contractuels, afin de d\u00e9velopper la pr\u00e9paration \u00e0 l\u2019exportation et la capacit\u00e9 des entreprises dirig\u00e9es par des femmes souhaitant exporter vers de nouveaux march\u00e9s.\u00a0<\/li><\/ul><\/div>\n\t\t\t\t<\/div>\n\t\t\t\t<\/div>\n\t\t\t\t<div class=\"elementor-element elementor-element-5384363 elementor-widget elementor-widget-image\" data-id=\"5384363\" data-element_type=\"widget\" data-widget_type=\"image.default\">\n\t\t\t\t<div class=\"elementor-widget-container\">\n\t\t\t\t\t<div class=\"elementor-image\">\n\t\t\t\t\t\t\t\t\t\t\t<a href=\"https:\/\/feddev-ontario.canada.ca\/\">\n\t\t\t\t\t\t\t<img decoding=\"async\" width=\"740\" height=\"84\" data-src=\"https:\/\/paro.ca\/wp-content\/uploads\/2025\/01\/New_FDO_FundingLine_horizontal_BIL-EN-768x87.png\" class=\"attachment-medium_large size-medium_large lazyload\" alt=\"\" data-srcset=\"https:\/\/paro.ca\/wp-content\/uploads\/2025\/01\/New_FDO_FundingLine_horizontal_BIL-EN-768x87.png 768w, https:\/\/paro.ca\/wp-content\/uploads\/2025\/01\/New_FDO_FundingLine_horizontal_BIL-EN-300x34.png 300w, https:\/\/paro.ca\/wp-content\/uploads\/2025\/01\/New_FDO_FundingLine_horizontal_BIL-EN-1024x116.png 1024w, https:\/\/paro.ca\/wp-content\/uploads\/2025\/01\/New_FDO_FundingLine_horizontal_BIL-EN-16x2.png 16w, https:\/\/paro.ca\/wp-content\/uploads\/2025\/01\/New_FDO_FundingLine_horizontal_BIL-EN.png 1456w\" data-sizes=\"(max-width: 740px) 100vw, 740px\" src=\"data:image\/svg+xml;base64,PHN2ZyB3aWR0aD0iMSIgaGVpZ2h0PSIxIiB4bWxucz0iaHR0cDovL3d3dy53My5vcmcvMjAwMC9zdmciPjwvc3ZnPg==\" style=\"--smush-placeholder-width: 740px; --smush-placeholder-aspect-ratio: 740\/84;\" \/>\t\t\t\t\t\t\t\t<\/a>\n\t\t\t\t\t\t\t\t\t\t\t<\/div>\n\t\t\t\t<\/div>\n\t\t\t\t<\/div>\n\t\t\t\t<div class=\"elementor-element elementor-element-0c602f0 elementor-invisible elementor-widget elementor-widget-text-editor\" data-id=\"0c602f0\" data-element_type=\"widget\" data-settings=\"{&quot;_animation&quot;:&quot;fadeIn&quot;}\" data-widget_type=\"text-editor.default\">\n\t\t\t\t<div class=\"elementor-widget-container\">\n\t\t\t\t\t<div class=\"elementor-text-editor elementor-clearfix\"><div><span style=\"color: #333333; font-family: 'Noto Sans', sans-serif; font-size: 20px;\">Ce projet est financ\u00e9 par le gouvernement du Canada par l\u2019entremise de la <a href=\"https:\/\/feddev-ontario.canada.ca\/en\">Agence f\u00e9d\u00e9rale de d\u00e9veloppement \u00e9conomique pour le Sud de l\u2019Ontario (FedDev Ontario).<\/a><\/span><\/div><\/div>\n\t\t\t\t<\/div>\n\t\t\t\t<\/div>\n\t\t\t\t\t\t<\/div>\n\t\t\t\t\t<\/div>\n\t\t<\/div>\n\t\t\t\t\t\t\t\t<\/div>\n\t\t\t\t\t<\/div>\n\t\t<\/section>\n\t\t\t\t<section class=\"elementor-section elementor-top-section elementor-element elementor-element-584ca5b elementor-section-stretched elementor-section-boxed elementor-section-height-default elementor-section-height-default elementor-invisible\" data-id=\"584ca5b\" data-element_type=\"section\" data-settings=\"{&quot;background_background&quot;:&quot;classic&quot;,&quot;animation&quot;:&quot;fadeIn&quot;,&quot;animation_delay&quot;:300,&quot;stretch_section&quot;:&quot;section-stretched&quot;}\">\n\t\t\t\t\t\t<div class=\"elementor-container elementor-column-gap-wide\">\n\t\t\t\t\t\t\t<div class=\"elementor-row\">\n\t\t\t\t\t<div class=\"elementor-column elementor-col-100 elementor-top-column elementor-element elementor-element-ee5297e\" data-id=\"ee5297e\" data-element_type=\"column\">\n\t\t\t<div class=\"elementor-column-wrap elementor-element-populated\">\n\t\t\t\t\t\t\t<div class=\"elementor-widget-wrap\">\n\t\t\t\t\t\t<div class=\"elementor-element elementor-element-2a3eb33 elementor-invisible elementor-widget elementor-widget-heading\" data-id=\"2a3eb33\" data-element_type=\"widget\" data-settings=\"{&quot;_animation&quot;:&quot;fadeIn&quot;,&quot;_animation_delay&quot;:100}\" data-widget_type=\"heading.default\">\n\t\t\t\t<div class=\"elementor-widget-container\">\n\t\t\t<h2 class=\"elementor-heading-title elementor-size-default\">Nos programmes<\/h2>\t\t<\/div>\n\t\t\t\t<\/div>\n\t\t\t\t<div class=\"elementor-element elementor-element-31b4fde elementor-widget-divider--view-line elementor-invisible elementor-widget elementor-widget-divider\" data-id=\"31b4fde\" data-element_type=\"widget\" data-settings=\"{&quot;_animation&quot;:&quot;fadeIn&quot;,&quot;_animation_delay&quot;:300}\" data-widget_type=\"divider.default\">\n\t\t\t\t<div class=\"elementor-widget-container\">\n\t\t\t\t\t<div class=\"elementor-divider\">\n\t\t\t<span class=\"elementor-divider-separator\">\n\t\t\t\t\t\t<\/span>\n\t\t<\/div>\n\t\t\t\t<\/div>\n\t\t\t\t<\/div>\n\t\t\t\t<section class=\"elementor-section elementor-inner-section elementor-element elementor-element-b5be7b5 envato-kit-141-top-0 elementor-section-boxed elementor-section-height-default elementor-section-height-default\" data-id=\"b5be7b5\" data-element_type=\"section\">\n\t\t\t\t\t\t<div class=\"elementor-container elementor-column-gap-default\">\n\t\t\t\t\t\t\t<div class=\"elementor-row\">\n\t\t\t\t\t<div class=\"elementor-column elementor-col-50 elementor-inner-column elementor-element elementor-element-27666f4 elementor-invisible\" data-id=\"27666f4\" data-element_type=\"column\" data-settings=\"{&quot;background_background&quot;:&quot;classic&quot;,&quot;animation&quot;:&quot;fadeIn&quot;,&quot;animation_delay&quot;:100}\">\n\t\t\t<div class=\"elementor-column-wrap elementor-element-populated\">\n\t\t\t\t\t\t\t<div class=\"elementor-widget-wrap\">\n\t\t\t\t\t\t<div class=\"elementor-element elementor-element-fe3a5cd elementor-widget elementor-widget-image\" data-id=\"fe3a5cd\" data-element_type=\"widget\" data-widget_type=\"image.default\">\n\t\t\t\t<div class=\"elementor-widget-container\">\n\t\t\t\t\t<div class=\"elementor-image\">\n\t\t\t\t\t\t\t\t\t\t\t<a href=\"http:\/\/paro.ca\/fr\/bizgrowth\/\">\n\t\t\t\t\t\t\t<img decoding=\"async\" data-src=\"https:\/\/paro.ca\/wp-content\/uploads\/2020\/11\/Untitled-design-54.png\" title=\"\" alt=\"\" src=\"data:image\/svg+xml;base64,PHN2ZyB3aWR0aD0iMSIgaGVpZ2h0PSIxIiB4bWxucz0iaHR0cDovL3d3dy53My5vcmcvMjAwMC9zdmciPjwvc3ZnPg==\" class=\"lazyload\" \/>\t\t\t\t\t\t\t\t<\/a>\n\t\t\t\t\t\t\t\t\t\t\t<\/div>\n\t\t\t\t<\/div>\n\t\t\t\t<\/div>\n\t\t\t\t<div class=\"elementor-element elementor-element-7bd17d4 elementor-widget elementor-widget-heading\" data-id=\"7bd17d4\" data-element_type=\"widget\" data-widget_type=\"heading.default\">\n\t\t\t\t<div class=\"elementor-widget-container\">\n\t\t\t<h2 class=\"elementor-heading-title elementor-size-default\"><a href=\"http:\/\/paro.ca\/fr\/bizgrowth\/\">BizGrowth<\/a><\/h2>\t\t<\/div>\n\t\t\t\t<\/div>\n\t\t\t\t<div class=\"elementor-element elementor-element-ef9172d elementor-widget elementor-widget-text-editor\" data-id=\"ef9172d\" data-element_type=\"widget\" data-widget_type=\"text-editor.default\">\n\t\t\t\t<div class=\"elementor-widget-container\">\n\t\t\t\t\t<div class=\"elementor-text-editor elementor-clearfix\"><\/div>\n\t\t\t\t<\/div>\n\t\t\t\t<\/div>\n\t\t\t\t\t\t<\/div>\n\t\t\t\t\t<\/div>\n\t\t<\/div>\n\t\t\t\t<div class=\"elementor-column elementor-col-50 elementor-inner-column elementor-element elementor-element-cd607ab elementor-invisible\" data-id=\"cd607ab\" data-element_type=\"column\" data-settings=\"{&quot;background_background&quot;:&quot;classic&quot;,&quot;animation&quot;:&quot;fadeIn&quot;,&quot;animation_delay&quot;:200}\">\n\t\t\t<div class=\"elementor-column-wrap elementor-element-populated\">\n\t\t\t\t\t\t\t<div class=\"elementor-widget-wrap\">\n\t\t\t\t\t\t<div class=\"elementor-element elementor-element-fefc73b elementor-widget elementor-widget-image\" data-id=\"fefc73b\" data-element_type=\"widget\" data-widget_type=\"image.default\">\n\t\t\t\t<div class=\"elementor-widget-container\">\n\t\t\t\t\t<div class=\"elementor-image\">\n\t\t\t\t\t\t\t\t\t\t\t<a href=\"https:\/\/paro.ca\/fr\/bizcamps\/\">\n\t\t\t\t\t\t\t<img decoding=\"async\" data-src=\"https:\/\/paro.ca\/wp-content\/uploads\/elementor\/thumbs\/virtual-learning-5550480_1280-r05m1heplgygygxizc5lo204309alyf66e5usfxhgg.jpg\" title=\"virtual-learning-5550480_1280\" alt=\"virtual-learning-5550480_1280\" src=\"data:image\/svg+xml;base64,PHN2ZyB3aWR0aD0iMSIgaGVpZ2h0PSIxIiB4bWxucz0iaHR0cDovL3d3dy53My5vcmcvMjAwMC9zdmciPjwvc3ZnPg==\" class=\"lazyload\" style=\"--smush-placeholder-width: 600px; --smush-placeholder-aspect-ratio: 600\/400;\" \/>\t\t\t\t\t\t\t\t<\/a>\n\t\t\t\t\t\t\t\t\t\t\t<\/div>\n\t\t\t\t<\/div>\n\t\t\t\t<\/div>\n\t\t\t\t<div class=\"elementor-element elementor-element-dedb75d elementor-widget elementor-widget-heading\" data-id=\"dedb75d\" data-element_type=\"widget\" data-widget_type=\"heading.default\">\n\t\t\t\t<div class=\"elementor-widget-container\">\n\t\t\t<h2 class=\"elementor-heading-title elementor-size-default\"><a href=\"https:\/\/paro.ca\/fr\/bizcamps\/\">BizCamps<\/a><\/h2>\t\t<\/div>\n\t\t\t\t<\/div>\n\t\t\t\t<div class=\"elementor-element elementor-element-51eba6e elementor-widget elementor-widget-text-editor\" data-id=\"51eba6e\" data-element_type=\"widget\" data-widget_type=\"text-editor.default\">\n\t\t\t\t<div class=\"elementor-widget-container\">\n\t\t\t\t\t<div class=\"elementor-text-editor elementor-clearfix\"><\/div>\n\t\t\t\t<\/div>\n\t\t\t\t<\/div>\n\t\t\t\t\t\t<\/div>\n\t\t\t\t\t<\/div>\n\t\t<\/div>\n\t\t\t\t\t\t\t\t<\/div>\n\t\t\t\t\t<\/div>\n\t\t<\/section>\n\t\t\t\t<section class=\"elementor-section elementor-inner-section elementor-element elementor-element-dd5058a envato-kit-141-top-0 elementor-section-boxed elementor-section-height-default elementor-section-height-default\" data-id=\"dd5058a\" data-element_type=\"section\">\n\t\t\t\t\t\t<div class=\"elementor-container elementor-column-gap-default\">\n\t\t\t\t\t\t\t<div class=\"elementor-row\">\n\t\t\t\t\t<div class=\"elementor-column elementor-col-50 elementor-inner-column elementor-element elementor-element-f06bc4f elementor-invisible\" data-id=\"f06bc4f\" data-element_type=\"column\" data-settings=\"{&quot;background_background&quot;:&quot;classic&quot;,&quot;animation&quot;:&quot;fadeIn&quot;,&quot;animation_delay&quot;:200}\">\n\t\t\t<div class=\"elementor-column-wrap elementor-element-populated\">\n\t\t\t\t\t\t\t<div class=\"elementor-widget-wrap\">\n\t\t\t\t\t\t<div class=\"elementor-element elementor-element-34c1aaa elementor-widget elementor-widget-image\" data-id=\"34c1aaa\" data-element_type=\"widget\" data-widget_type=\"image.default\">\n\t\t\t\t<div class=\"elementor-widget-container\">\n\t\t\t\t\t<div class=\"elementor-image\">\n\t\t\t\t\t\t\t\t\t\t\t<a href=\"https:\/\/paro.ca\/fr\/paro-trade-missions\/\">\n\t\t\t\t\t\t\t<img decoding=\"async\" data-src=\"https:\/\/paro.ca\/wp-content\/uploads\/2025\/01\/trade-mission-cc-banner.jpg\" title=\"\" alt=\"\" src=\"data:image\/svg+xml;base64,PHN2ZyB3aWR0aD0iMSIgaGVpZ2h0PSIxIiB4bWxucz0iaHR0cDovL3d3dy53My5vcmcvMjAwMC9zdmciPjwvc3ZnPg==\" class=\"lazyload\" \/>\t\t\t\t\t\t\t\t<\/a>\n\t\t\t\t\t\t\t\t\t\t\t<\/div>\n\t\t\t\t<\/div>\n\t\t\t\t<\/div>\n\t\t\t\t<div class=\"elementor-element elementor-element-ab1e1f6 elementor-widget elementor-widget-heading\" data-id=\"ab1e1f6\" data-element_type=\"widget\" data-widget_type=\"heading.default\">\n\t\t\t\t<div class=\"elementor-widget-container\">\n\t\t\t<h2 class=\"elementor-heading-title elementor-size-default\"><a href=\"https:\/\/paro.ca\/fr\/paro-trade-missions\/\">Missions commerciales<\/a><\/h2>\t\t<\/div>\n\t\t\t\t<\/div>\n\t\t\t\t\t\t<\/div>\n\t\t\t\t\t<\/div>\n\t\t<\/div>\n\t\t\t\t<div class=\"elementor-column elementor-col-50 elementor-inner-column elementor-element elementor-element-c0d3536 elementor-invisible\" data-id=\"c0d3536\" data-element_type=\"column\" data-settings=\"{&quot;background_background&quot;:&quot;classic&quot;,&quot;animation&quot;:&quot;fadeIn&quot;,&quot;animation_delay&quot;:200}\">\n\t\t\t<div class=\"elementor-column-wrap elementor-element-populated\">\n\t\t\t\t\t\t\t<div class=\"elementor-widget-wrap\">\n\t\t\t\t\t\t<div class=\"elementor-element elementor-element-fd6b266 elementor-widget elementor-widget-image\" data-id=\"fd6b266\" data-element_type=\"widget\" data-widget_type=\"image.default\">\n\t\t\t\t<div class=\"elementor-widget-container\">\n\t\t\t\t\t<div class=\"elementor-image\">\n\t\t\t\t\t\t\t\t\t\t\t<a href=\"https:\/\/paro.ca\/fr\/paro-circles\/\">\n\t\t\t\t\t\t\t<img decoding=\"async\" data-src=\"https:\/\/paro.ca\/wp-content\/uploads\/elementor\/thumbs\/PANA1981-1-r05m3c592phtus8l5n04335u9d4csgs43khbv36j6o.jpg\" title=\"PANA1981 1\" alt=\"PANA1981 1\" src=\"data:image\/svg+xml;base64,PHN2ZyB3aWR0aD0iMSIgaGVpZ2h0PSIxIiB4bWxucz0iaHR0cDovL3d3dy53My5vcmcvMjAwMC9zdmciPjwvc3ZnPg==\" class=\"lazyload\" style=\"--smush-placeholder-width: 600px; --smush-placeholder-aspect-ratio: 600\/400;\" \/>\t\t\t\t\t\t\t\t<\/a>\n\t\t\t\t\t\t\t\t\t\t\t<\/div>\n\t\t\t\t<\/div>\n\t\t\t\t<\/div>\n\t\t\t\t<div class=\"elementor-element elementor-element-5d8a68c elementor-widget elementor-widget-heading\" data-id=\"5d8a68c\" data-element_type=\"widget\" data-widget_type=\"heading.default\">\n\t\t\t\t<div class=\"elementor-widget-container\">\n\t\t\t<h2 class=\"elementor-heading-title elementor-size-default\"><a href=\"https:\/\/paro.ca\/fr\/paro-circles\/\">Cercles Prosp\u00e8re PARO<\/a><\/h2>\t\t<\/div>\n\t\t\t\t<\/div>\n\t\t\t\t\t\t<\/div>\n\t\t\t\t\t<\/div>\n\t\t<\/div>\n\t\t\t\t\t\t\t\t<\/div>\n\t\t\t\t\t<\/div>\n\t\t<\/section>\n\t\t\t\t\t\t<\/div>\n\t\t\t\t\t<\/div>\n\t\t<\/div>\n\t\t\t\t\t\t\t\t<\/div>\n\t\t\t\t\t<\/div>\n\t\t<\/section>\n\t\t\t\t<section class=\"elementor-section elementor-top-section elementor-element elementor-element-2076014 elementor-section-stretched elementor-section-boxed elementor-section-height-default elementor-section-height-default\" data-id=\"2076014\" data-element_type=\"section\" data-settings=\"{&quot;background_background&quot;:&quot;classic&quot;,&quot;stretch_section&quot;:&quot;section-stretched&quot;}\">\n\t\t\t\t\t\t\t<div class=\"elementor-background-overlay\"><\/div>\n\t\t\t\t\t\t\t<div class=\"elementor-container elementor-column-gap-default\">\n\t\t\t\t\t\t\t<div class=\"elementor-row\">\n\t\t\t\t\t<div class=\"elementor-column elementor-col-100 elementor-top-column elementor-element elementor-element-6ae212f\" data-id=\"6ae212f\" data-element_type=\"column\">\n\t\t\t<div class=\"elementor-column-wrap elementor-element-populated\">\n\t\t\t\t\t\t\t<div class=\"elementor-widget-wrap\">\n\t\t\t\t\t\t<section class=\"elementor-section elementor-inner-section elementor-element elementor-element-02701d0 elementor-section-boxed elementor-section-height-default elementor-section-height-default\" data-id=\"02701d0\" data-element_type=\"section\">\n\t\t\t\t\t\t<div class=\"elementor-container elementor-column-gap-default\">\n\t\t\t\t\t\t\t<div class=\"elementor-row\">\n\t\t\t\t\t<div class=\"elementor-column elementor-col-33 elementor-inner-column elementor-element elementor-element-65bb832\" data-id=\"65bb832\" data-element_type=\"column\">\n\t\t\t<div class=\"elementor-column-wrap elementor-element-populated\">\n\t\t\t\t\t\t\t<div class=\"elementor-widget-wrap\">\n\t\t\t\t\t\t<div class=\"elementor-element elementor-element-de99697 elementor-widget elementor-widget-counter\" data-id=\"de99697\" data-element_type=\"widget\" data-widget_type=\"counter.default\">\n\t\t\t\t<div class=\"elementor-widget-container\">\n\t\t\t\t\t<div class=\"elementor-counter\">\n\t\t\t<div class=\"elementor-counter-number-wrapper\">\n\t\t\t\t<span class=\"elementor-counter-number-prefix\"><\/span>\n\t\t\t\t<span class=\"elementor-counter-number\" data-duration=\"2000\" data-to-value=\"34863\" data-from-value=\"0\" data-delimiter=\",\">0<\/span>\n\t\t\t\t<span class=\"elementor-counter-number-suffix\"><\/span>\n\t\t\t<\/div>\n\t\t\t\t\t\t\t<div class=\"elementor-counter-title\">Entreprises soutenues<\/div>\n\t\t\t\t\t<\/div>\n\t\t\t\t<\/div>\n\t\t\t\t<\/div>\n\t\t\t\t\t\t<\/div>\n\t\t\t\t\t<\/div>\n\t\t<\/div>\n\t\t\t\t<div class=\"elementor-column elementor-col-33 elementor-inner-column elementor-element elementor-element-07934f7\" data-id=\"07934f7\" data-element_type=\"column\">\n\t\t\t<div class=\"elementor-column-wrap elementor-element-populated\">\n\t\t\t\t\t\t\t<div class=\"elementor-widget-wrap\">\n\t\t\t\t\t\t<div class=\"elementor-element elementor-element-9886fc8 elementor-widget elementor-widget-counter\" data-id=\"9886fc8\" data-element_type=\"widget\" data-widget_type=\"counter.default\">\n\t\t\t\t<div class=\"elementor-widget-container\">\n\t\t\t\t\t<div class=\"elementor-counter\">\n\t\t\t<div class=\"elementor-counter-number-wrapper\">\n\t\t\t\t<span class=\"elementor-counter-number-prefix\">$<\/span>\n\t\t\t\t<span class=\"elementor-counter-number\" data-duration=\"2000\" data-to-value=\"10855044\" data-from-value=\"0\" data-delimiter=\",\">0<\/span>\n\t\t\t\t<span class=\"elementor-counter-number-suffix\"><\/span>\n\t\t\t<\/div>\n\t\t\t\t\t\t\t<div class=\"elementor-counter-title\">Subventions des programmes PARO <\/div>\n\t\t\t\t\t<\/div>\n\t\t\t\t<\/div>\n\t\t\t\t<\/div>\n\t\t\t\t\t\t<\/div>\n\t\t\t\t\t<\/div>\n\t\t<\/div>\n\t\t\t\t<div class=\"elementor-column elementor-col-33 elementor-inner-column elementor-element elementor-element-e94e78e\" data-id=\"e94e78e\" data-element_type=\"column\">\n\t\t\t<div class=\"elementor-column-wrap elementor-element-populated\">\n\t\t\t\t\t\t\t<div class=\"elementor-widget-wrap\">\n\t\t\t\t\t\t<div class=\"elementor-element elementor-element-c8a02d7 elementor-widget elementor-widget-counter\" data-id=\"c8a02d7\" data-element_type=\"widget\" data-widget_type=\"counter.default\">\n\t\t\t\t<div class=\"elementor-widget-container\">\n\t\t\t\t\t<div class=\"elementor-counter\">\n\t\t\t<div class=\"elementor-counter-number-wrapper\">\n\t\t\t\t<span class=\"elementor-counter-number-prefix\">$<\/span>\n\t\t\t\t<span class=\"elementor-counter-number\" data-duration=\"2000\" data-to-value=\"16522183\" data-from-value=\"0\" data-delimiter=\",\">0<\/span>\n\t\t\t\t<span class=\"elementor-counter-number-suffix\"><\/span>\n\t\t\t<\/div>\n\t\t\t\t\t\t\t<div class=\"elementor-counter-title\">Total en dollars des subventions vers\u00e9es aux clients<\/div>\n\t\t\t\t\t<\/div>\n\t\t\t\t<\/div>\n\t\t\t\t<\/div>\n\t\t\t\t\t\t<\/div>\n\t\t\t\t\t<\/div>\n\t\t<\/div>\n\t\t\t\t\t\t\t\t<\/div>\n\t\t\t\t\t<\/div>\n\t\t<\/section>\n\t\t\t\t\t\t<\/div>\n\t\t\t\t\t<\/div>\n\t\t<\/div>\n\t\t\t\t\t\t\t\t<\/div>\n\t\t\t\t\t<\/div>\n\t\t<\/section>\n\t\t\t\t\t\t<\/div>\n\t\t\t\t\t\t<\/div>\n\t\t\t\t\t<\/div>","protected":false},"excerpt":{"rendered":"<p>Women&#8217;s Innovation Initiative (WIN) Women\u2019s Innovation Initiative (WIN) The Women\u2019s Innovation Initiative (WIN) is dedicated to supporting women-led small and medium-sized enterprises (SMEs) throughout Southern Ontario. Our mission is to empower female entrepreneurs to scale their businesses across a variety of dynamic sectors, such as software-as-a-service (SaaS), digital services, health tech, clean tech, agri-food, and [&hellip;]<\/p>\n","protected":false},"author":1,"featured_media":0,"parent":0,"menu_order":0,"comment_status":"closed","ping_status":"closed","template":"","meta":{"footnotes":""},"class_list":["post-12973","page","type-page","status-publish","hentry"],"_links":{"self":[{"href":"https:\/\/paro.ca\/fr\/wp-json\/wp\/v2\/pages\/12973","targetHints":{"allow":["GET"]}}],"collection":[{"href":"https:\/\/paro.ca\/fr\/wp-json\/wp\/v2\/pages"}],"about":[{"href":"https:\/\/paro.ca\/fr\/wp-json\/wp\/v2\/types\/page"}],"author":[{"embeddable":true,"href":"https:\/\/paro.ca\/fr\/wp-json\/wp\/v2\/users\/1"}],"replies":[{"embeddable":true,"href":"https:\/\/paro.ca\/fr\/wp-json\/wp\/v2\/comments?post=12973"}],"version-history":[{"count":0,"href":"https:\/\/paro.ca\/fr\/wp-json\/wp\/v2\/pages\/12973\/revisions"}],"wp:attachment":[{"href":"https:\/\/paro.ca\/fr\/wp-json\/wp\/v2\/media?parent=12973"}],"curies":[{"name":"wp","href":"https:\/\/api.w.org\/{rel}","templated":true}]}}