{"id":13637,"date":"2025-04-02T11:22:40","date_gmt":"2025-04-02T15:22:40","guid":{"rendered":"https:\/\/paro.ca\/?page_id=13637"},"modified":"2026-04-27T10:27:21","modified_gmt":"2026-04-27T14:27:21","slug":"the-self-made-breakfast-tour","status":"publish","type":"page","link":"https:\/\/paro.ca\/fr\/the-self-made-breakfast-tour\/","title":{"rendered":"Le Self-Made Breakfast Tour"},"content":{"rendered":"<div data-elementor-type=\"wp-page\" data-elementor-id=\"13637\" class=\"elementor elementor-13637\" data-elementor-settings=\"[]\">\n\t\t\t\t\t\t<div class=\"elementor-inner\">\n\t\t\t\t\t\t\t<div class=\"elementor-section-wrap\">\n\t\t\t\t\t\t\t<section class=\"elementor-section elementor-top-section elementor-element elementor-element-0515081 elementor-section-stretched elementor-section-full_width elementor-section-height-default elementor-section-height-default\" data-id=\"0515081\" data-element_type=\"section\" data-settings=\"{&quot;stretch_section&quot;:&quot;section-stretched&quot;}\">\n\t\t\t\t\t\t<div class=\"elementor-container elementor-column-gap-default\">\n\t\t\t\t\t\t\t<div class=\"elementor-row\">\n\t\t\t\t\t<div class=\"elementor-column elementor-col-100 elementor-top-column elementor-element elementor-element-b667bf9\" data-id=\"b667bf9\" data-element_type=\"column\" data-settings=\"{&quot;background_background&quot;:&quot;classic&quot;}\">\n\t\t\t<div class=\"elementor-column-wrap elementor-element-populated\">\n\t\t\t\t\t<div class=\"elementor-background-overlay\"><\/div>\n\t\t\t\t\t\t\t<div class=\"elementor-widget-wrap\">\n\t\t\t\t\t\t<div class=\"elementor-element elementor-element-2f3df73 elementor-widget elementor-widget-heading\" data-id=\"2f3df73\" data-element_type=\"widget\" data-widget_type=\"heading.default\">\n\t\t\t\t<div class=\"elementor-widget-container\">\n\t\t\t<h1 class=\"elementor-heading-title elementor-size-xxl\"><br>The Self-Made Breakfast Tour\u200b<\/h1>\t\t<\/div>\n\t\t\t\t<\/div>\n\t\t\t\t\t\t<\/div>\n\t\t\t\t\t<\/div>\n\t\t<\/div>\n\t\t\t\t\t\t\t\t<\/div>\n\t\t\t\t\t<\/div>\n\t\t<\/section>\n\t\t\t\t<section class=\"elementor-section elementor-top-section elementor-element elementor-element-f7d8386 elementor-section-height-min-height elementor-section-stretched elementor-section-items-top elementor-section-boxed elementor-section-height-default\" data-id=\"f7d8386\" data-element_type=\"section\" data-settings=\"{&quot;background_background&quot;:&quot;classic&quot;,&quot;stretch_section&quot;:&quot;section-stretched&quot;}\">\n\t\t\t\t\t\t<div class=\"elementor-container elementor-column-gap-default\">\n\t\t\t\t\t\t\t<div class=\"elementor-row\">\n\t\t\t\t\t<div class=\"elementor-column elementor-col-100 elementor-top-column elementor-element elementor-element-a37b377 animated-slow elementor-invisible\" data-id=\"a37b377\" data-element_type=\"column\" data-settings=\"{&quot;animation&quot;:&quot;fadeIn&quot;,&quot;background_background&quot;:&quot;classic&quot;}\">\n\t\t\t<div class=\"elementor-column-wrap elementor-element-populated\">\n\t\t\t\t\t<div class=\"elementor-background-overlay\"><\/div>\n\t\t\t\t\t\t\t<div class=\"elementor-widget-wrap\">\n\t\t\t\t\t\t<div class=\"elementor-element elementor-element-b11777c elementor-widget elementor-widget-heading\" data-id=\"b11777c\" data-element_type=\"widget\" data-widget_type=\"heading.default\">\n\t\t\t\t<div class=\"elementor-widget-container\">\n\t\t\t<h1 class=\"elementor-heading-title elementor-size-large\">Propulsez votre entreprise vers de nouveaux sommets gr\u00e2ce au Self-Made Breakfast Tour, pr\u00e9sent\u00e9 par le Centre PARO pour l\u2019entreprise des femmes.<\/h1>\t\t<\/div>\n\t\t\t\t<\/div>\n\t\t\t\t<section class=\"elementor-section elementor-inner-section elementor-element elementor-element-f3b637c elementor-section-boxed elementor-section-height-default elementor-section-height-default\" data-id=\"f3b637c\" data-element_type=\"section\">\n\t\t\t\t\t\t<div class=\"elementor-container elementor-column-gap-default\">\n\t\t\t\t\t\t\t<div class=\"elementor-row\">\n\t\t\t\t\t<div class=\"elementor-column elementor-col-50 elementor-inner-column elementor-element elementor-element-7cc4d27 animated-slow elementor-invisible\" data-id=\"7cc4d27\" data-element_type=\"column\" data-settings=\"{&quot;animation&quot;:&quot;fadeIn&quot;,&quot;background_background&quot;:&quot;classic&quot;}\">\n\t\t\t<div class=\"elementor-column-wrap elementor-element-populated\">\n\t\t\t\t\t<div class=\"elementor-background-overlay\"><\/div>\n\t\t\t\t\t\t\t<div class=\"elementor-widget-wrap\">\n\t\t\t\t\t\t<div class=\"elementor-element elementor-element-b76eb79 elementor-widget elementor-widget-heading\" data-id=\"b76eb79\" data-element_type=\"widget\" data-widget_type=\"heading.default\">\n\t\t\t\t<div class=\"elementor-widget-container\">\n\t\t\t<h2 class=\"elementor-heading-title elementor-size-default\">\ud83c\udf89 Excited to share that we\u2019ve been nominated for the Canadian Event Awards. \ud83c\udf89\n\nGrateful for the recognition and for everyone who helped make this possible.<\/h2>\t\t<\/div>\n\t\t\t\t<\/div>\n\t\t\t\t<div class=\"elementor-element elementor-element-c02094a elementor-widget elementor-widget-image\" data-id=\"c02094a\" data-element_type=\"widget\" data-widget_type=\"image.default\">\n\t\t\t\t<div class=\"elementor-widget-container\">\n\t\t\t\t\t<div class=\"elementor-image\">\n\t\t\t\t\t\t\t\t\t\t<img decoding=\"async\" width=\"740\" height=\"766\" data-src=\"https:\/\/paro.ca\/wp-content\/uploads\/2026\/04\/Screenshot-2026-04-27-101956.png\" class=\"attachment-large size-large lazyload\" alt=\"\" data-srcset=\"https:\/\/paro.ca\/wp-content\/uploads\/2026\/04\/Screenshot-2026-04-27-101956.png 923w, https:\/\/paro.ca\/wp-content\/uploads\/2026\/04\/Screenshot-2026-04-27-101956-290x300.png 290w, https:\/\/paro.ca\/wp-content\/uploads\/2026\/04\/Screenshot-2026-04-27-101956-768x795.png 768w, https:\/\/paro.ca\/wp-content\/uploads\/2026\/04\/Screenshot-2026-04-27-101956-12x12.png 12w\" data-sizes=\"(max-width: 740px) 100vw, 740px\" src=\"data:image\/svg+xml;base64,PHN2ZyB3aWR0aD0iMSIgaGVpZ2h0PSIxIiB4bWxucz0iaHR0cDovL3d3dy53My5vcmcvMjAwMC9zdmciPjwvc3ZnPg==\" style=\"--smush-placeholder-width: 740px; --smush-placeholder-aspect-ratio: 740\/766;\" \/>\t\t\t\t\t\t\t\t\t\t\t<\/div>\n\t\t\t\t<\/div>\n\t\t\t\t<\/div>\n\t\t\t\t\t\t<\/div>\n\t\t\t\t\t<\/div>\n\t\t<\/div>\n\t\t\t\t<div class=\"elementor-column elementor-col-50 elementor-inner-column elementor-element elementor-element-6daf305\" data-id=\"6daf305\" data-element_type=\"column\">\n\t\t\t<div class=\"elementor-column-wrap elementor-element-populated\">\n\t\t\t\t\t\t\t<div class=\"elementor-widget-wrap\">\n\t\t\t\t\t\t<div class=\"elementor-element elementor-element-f0df014 elementor-invisible elementor-widget elementor-widget-text-editor\" data-id=\"f0df014\" data-element_type=\"widget\" data-settings=\"{&quot;_animation&quot;:&quot;fadeIn&quot;}\" data-widget_type=\"text-editor.default\">\n\t\t\t\t<div class=\"elementor-widget-container\">\n\t\t\t\t\t<div class=\"elementor-text-editor elementor-clearfix\"><p><span style=\"font-size: 16px;\">Vous avez un grand r\u00eave pour votre entreprise, et nous sommes l\u00e0 pour l\u2019aider \u00e0 le r\u00e9aliser.<\/span><\/p><div><div class=\"\" data-block=\"true\" data-editor=\"c897\" data-offset-key=\"13tuk-0-0\"><div class=\"_1mf _1mj\" data-offset-key=\"13tuk-0-0\"><div class=\"cxmmr5t8 oygrvhab hcukyx3x c1et5uql o9v6fnle ii04i59q\"><div dir=\"auto\"><div class=\"\" data-block=\"true\" data-editor=\"bfc06\" data-offset-key=\"cfkhq-0-0\"><div class=\"_1mf _1mj\" data-offset-key=\"cfkhq-0-0\"><div class=\"\" data-block=\"true\" data-editor=\"3cvd9\" data-offset-key=\"ac6mm-0-0\"><div class=\"_1mf _1mj\" data-offset-key=\"ac6mm-0-0\"><p>Nous sommes ravis d\u2019annoncer notre r\u00f4le de commanditaire principal du prochain Self-Made Breakfast Tour, la premi\u00e8re s\u00e9rie d\u2019\u00e9v\u00e9nements nationaux visant \u00e0 donner aux femmes entrepreneures des conseils d\u2019expert, des occasions de financement et du capital social \u2013 le tout dans le cadre d\u2019une exp\u00e9rience de d\u00e9monstration.<\/p><\/div><\/div><\/div><\/div><\/div><\/div><\/div><\/div><\/div><\/div>\n\t\t\t\t<\/div>\n\t\t\t\t<\/div>\n\t\t\t\t<div class=\"elementor-element elementor-element-d38ddf1 elementor-invisible elementor-widget elementor-widget-text-editor\" data-id=\"d38ddf1\" data-element_type=\"widget\" data-settings=\"{&quot;_animation&quot;:&quot;fadeIn&quot;}\" data-widget_type=\"text-editor.default\">\n\t\t\t\t<div class=\"elementor-widget-container\">\n\t\t\t\t\t<div class=\"elementor-text-editor elementor-clearfix\"><h3><b><span lang=\"EN-CA\">Collaboration for Transformation Project: Second National Survey for Women Entrepreneurs<\/span><\/b><\/h3><div><div data-block=\"true\" data-editor=\"c897\" data-offset-key=\"13tuk-0-0\"><div data-offset-key=\"13tuk-0-0\"><div dir=\"auto\"><div data-block=\"true\" data-editor=\"bfc06\" data-offset-key=\"cfkhq-0-0\"><div data-offset-key=\"cfkhq-0-0\"><div data-block=\"true\" data-editor=\"3cvd9\" data-offset-key=\"ac6mm-0-0\"><div data-offset-key=\"ac6mm-0-0\"><div data-offset-key=\"dnlb8-0-0\"><div data-block=\"true\" data-editor=\"c897\" data-offset-key=\"13tuk-0-0\"><div data-offset-key=\"13tuk-0-0\"><div dir=\"auto\"><div data-block=\"true\" data-editor=\"bfc06\" data-offset-key=\"cfkhq-0-0\"><div data-offset-key=\"cfkhq-0-0\"><div data-block=\"true\" data-editor=\"3cvd9\" data-offset-key=\"4ed2l-0-0\"><div data-block=\"true\" data-editor=\"e8g91\" data-offset-key=\"1dvfh-0-0\"><div data-offset-key=\"1dvfh-0-0\"><p>Le\u00a0<b>second Collaboration for Transformation Survey<\/b>, led by the\u00a0<b>PARO Centre pour l\u2019entreprise des femmes,<\/b>, is designed to capture how realities have shifted: what\u2019s improving, what still needs attention, and where we can act to make the greatest difference.<\/p><p>Your participation is completely\u00a0<b>confidential and anonymous<\/b>, and every response helps us paint a clearer, more honest picture of women-led entrepreneurship in Canada.<\/p><\/div><\/div><\/div><\/div><\/div><\/div><\/div><\/div><\/div><\/div><\/div><\/div><\/div><\/div><\/div><\/div><\/div><\/div>\n\t\t\t\t<\/div>\n\t\t\t\t<\/div>\n\t\t\t\t<div class=\"elementor-element elementor-element-a1835c9 elementor-align-center elementor-widget elementor-widget-button\" data-id=\"a1835c9\" data-element_type=\"widget\" data-widget_type=\"button.default\">\n\t\t\t\t<div class=\"elementor-widget-container\">\n\t\t\t\t\t<div class=\"elementor-button-wrapper\">\n\t\t\t<a href=\"https:\/\/www.surveymonkey.com\/r\/SFTVFWF%20\" class=\"elementor-button-link elementor-button elementor-size-lg elementor-animation-shrink\" role=\"button\">\n\t\t\t\t\t\t<span class=\"elementor-button-content-wrapper\">\n\t\t\t\t\t\t<span class=\"elementor-button-text\">English Version<\/span>\n\t\t<\/span>\n\t\t\t\t\t<\/a>\n\t\t<\/div>\n\t\t\t\t<\/div>\n\t\t\t\t<\/div>\n\t\t\t\t<div class=\"elementor-element elementor-element-ea48cc1 elementor-align-center elementor-widget elementor-widget-button\" data-id=\"ea48cc1\" data-element_type=\"widget\" data-widget_type=\"button.default\">\n\t\t\t\t<div class=\"elementor-widget-container\">\n\t\t\t\t\t<div class=\"elementor-button-wrapper\">\n\t\t\t<a href=\"https:\/\/www.surveymonkey.com\/r\/2Q9NHG3%20\" class=\"elementor-button-link elementor-button elementor-size-lg elementor-animation-shrink\" role=\"button\">\n\t\t\t\t\t\t<span class=\"elementor-button-content-wrapper\">\n\t\t\t\t\t\t<span class=\"elementor-button-text\">Version fran\u00e7aise<\/span>\n\t\t<\/span>\n\t\t\t\t\t<\/a>\n\t\t<\/div>\n\t\t\t\t<\/div>\n\t\t\t\t<\/div>\n\t\t\t\t\t\t<\/div>\n\t\t\t\t\t<\/div>\n\t\t<\/div>\n\t\t\t\t\t\t\t\t<\/div>\n\t\t\t\t\t<\/div>\n\t\t<\/section>\n\t\t\t\t<section class=\"elementor-section elementor-inner-section elementor-element elementor-element-48d36df elementor-section-boxed elementor-section-height-default elementor-section-height-default\" data-id=\"48d36df\" data-element_type=\"section\">\n\t\t\t\t\t\t<div class=\"elementor-container elementor-column-gap-default\">\n\t\t\t\t\t\t\t<div class=\"elementor-row\">\n\t\t\t\t\t<div class=\"elementor-column elementor-col-50 elementor-inner-column elementor-element elementor-element-b6cf635\" data-id=\"b6cf635\" data-element_type=\"column\">\n\t\t\t<div class=\"elementor-column-wrap elementor-element-populated\">\n\t\t\t\t\t\t\t<div class=\"elementor-widget-wrap\">\n\t\t\t\t\t\t<div class=\"elementor-element elementor-element-3e86f36 elementor-widget elementor-widget-image\" data-id=\"3e86f36\" data-element_type=\"widget\" data-widget_type=\"image.default\">\n\t\t\t\t<div class=\"elementor-widget-container\">\n\t\t\t\t\t<div class=\"elementor-image\">\n\t\t\t\t\t\t\t\t\t\t<img decoding=\"async\" width=\"740\" height=\"276\" data-src=\"https:\/\/paro.ca\/wp-content\/uploads\/2025\/04\/news-5-1024x382.png\" class=\"attachment-large size-large lazyload\" alt=\"\" data-srcset=\"https:\/\/paro.ca\/wp-content\/uploads\/2025\/04\/news-5-1024x382.png 1024w, https:\/\/paro.ca\/wp-content\/uploads\/2025\/04\/news-5-300x112.png 300w, https:\/\/paro.ca\/wp-content\/uploads\/2025\/04\/news-5-768x286.png 768w, https:\/\/paro.ca\/wp-content\/uploads\/2025\/04\/news-5-1536x572.png 1536w, https:\/\/paro.ca\/wp-content\/uploads\/2025\/04\/news-5-2048x763.png 2048w, https:\/\/paro.ca\/wp-content\/uploads\/2025\/04\/news-5-16x6.png 16w\" data-sizes=\"(max-width: 740px) 100vw, 740px\" src=\"data:image\/svg+xml;base64,PHN2ZyB3aWR0aD0iMSIgaGVpZ2h0PSIxIiB4bWxucz0iaHR0cDovL3d3dy53My5vcmcvMjAwMC9zdmciPjwvc3ZnPg==\" style=\"--smush-placeholder-width: 740px; --smush-placeholder-aspect-ratio: 740\/276;\" \/>\t\t\t\t\t\t\t\t\t\t\t<\/div>\n\t\t\t\t<\/div>\n\t\t\t\t<\/div>\n\t\t\t\t<div class=\"elementor-element elementor-element-efb2acc elementor-invisible elementor-widget elementor-widget-text-editor\" data-id=\"efb2acc\" data-element_type=\"widget\" data-settings=\"{&quot;_animation&quot;:&quot;fadeIn&quot;}\" data-widget_type=\"text-editor.default\">\n\t\t\t\t<div class=\"elementor-widget-container\">\n\t\t\t\t\t<div class=\"elementor-text-editor elementor-clearfix\"><p>In partnership with Sinclair Creative Agency Inc., we\u2019re traveling coast to coast, offering women entrepreneurs FREE TICKETS so they can invest their money where their business needs it most.<\/p><p>No matter your location or stage of business, PARO is here to help you make connections, access funding, and engage with industry leaders to break barriers and lead boldly.<\/p><p>Here\u2019s what you can expect:<\/p><ul><li>Make one-on-one connections with top-tier brands and curated industry experts<\/li><li>Have vibrant conversations with like-minded women<\/li><li>Gain game-changing insights from powerhouse guest speakers<\/li><li>Share your voice during our very popular<a href=\"https:\/\/paro.ca\/fr\/collaboration-for-transformation\/\"> Collaboration Innovation Tables (CITs)<\/a><\/li><li>Enjoy authentic panel discussions<\/li><li>Enjoy a gorgeous micro tradeshow<\/li><li>Plus, so much more!<\/li><\/ul><p>The Self-Made Breakfast Tour is more than an event; it\u2019s a movement.\u00a0<\/p><p>By hosting <a href=\"https:\/\/paro.ca\/fr\/collaboration-for-transformation\/\">CITs<\/a> and capturing your voice-hearing where you are today, where you dream of going, and what\u2019s holding you back, we can identify the barriers that limit progress and help create meaningful solutions.<\/p><p>Trust us, this is an opportunity you will not want to miss!\u00a0<\/p><p>It\u2019s your chance to connect, learn, and be part of a movement that\u2019s making real change.<\/p><\/div>\n\t\t\t\t<\/div>\n\t\t\t\t<\/div>\n\t\t\t\t<div class=\"elementor-element elementor-element-11ed45e elementor-widget elementor-widget-spacer\" data-id=\"11ed45e\" data-element_type=\"widget\" data-widget_type=\"spacer.default\">\n\t\t\t\t<div class=\"elementor-widget-container\">\n\t\t\t\t\t<div class=\"elementor-spacer\">\n\t\t\t<div class=\"elementor-spacer-inner\"><\/div>\n\t\t<\/div>\n\t\t\t\t<\/div>\n\t\t\t\t<\/div>\n\t\t\t\t\t\t<\/div>\n\t\t\t\t\t<\/div>\n\t\t<\/div>\n\t\t\t\t<div class=\"elementor-column elementor-col-50 elementor-inner-column elementor-element elementor-element-d7cb182 animated-slow elementor-invisible\" data-id=\"d7cb182\" data-element_type=\"column\" data-settings=\"{&quot;animation&quot;:&quot;fadeIn&quot;,&quot;background_background&quot;:&quot;classic&quot;}\">\n\t\t\t<div class=\"elementor-column-wrap elementor-element-populated\">\n\t\t\t\t\t<div class=\"elementor-background-overlay\"><\/div>\n\t\t\t\t\t\t\t<div class=\"elementor-widget-wrap\">\n\t\t\t\t\t\t<div class=\"elementor-element elementor-element-caff336 elementor-invisible elementor-widget elementor-widget-text-editor\" data-id=\"caff336\" data-element_type=\"widget\" data-settings=\"{&quot;_animation&quot;:&quot;fadeIn&quot;}\" data-widget_type=\"text-editor.default\">\n\t\t\t\t<div class=\"elementor-widget-container\">\n\t\t\t\t\t<div class=\"elementor-text-editor elementor-clearfix\"><h2><strong>Collaboration Innovation Tables<\/strong><\/h2><p>The Collaboration for Transformation project is a systems-change effort led by PARO in partnership with non-profits, community leaders and the private sector, supported by Women\u202fAdvancing\u202fWomen in\u202fEntrepreneurship (WAGE). It uses methods such as surveys, focus groups and interviews (\u201cCollaboration Innovation Tables\u201d) to listen to women entrepreneurs\u2014particularly Indigenous, newcomer and other diverse women\u2014and understand their lived experiences and the structural barriers they face in accessing financing, scaling, and procurement markets. The aim is not simply to offer training, but to <strong data-start=\"738\" data-end=\"774\">transform the underlying systems<\/strong> (for example, policies, institutional practices, and bias in procurement) so that women can fully participate in Canada\u2019s economic life. The project seeks to increase: (1) the understanding of barriers to women\u2019s entrepreneurial participation; (2) women\u2019s access to markets and financing; and (3) the network of partners and allies advocating for gender-equitable business ecosystems.<\/p><\/div>\n\t\t\t\t<\/div>\n\t\t\t\t<\/div>\n\t\t\t\t<div class=\"elementor-element elementor-element-9e8a109 elementor-align-center elementor-widget elementor-widget-button\" data-id=\"9e8a109\" data-element_type=\"widget\" data-widget_type=\"button.default\">\n\t\t\t\t<div class=\"elementor-widget-container\">\n\t\t\t\t\t<div class=\"elementor-button-wrapper\">\n\t\t\t<a href=\"https:\/\/paro.ca\/fr\/collaboration-for-transformation\/\" class=\"elementor-button-link elementor-button elementor-size-lg elementor-animation-shrink\" role=\"button\">\n\t\t\t\t\t\t<span class=\"elementor-button-content-wrapper\">\n\t\t\t\t\t\t<span class=\"elementor-button-text\">Learn More About the Project<\/span>\n\t\t<\/span>\n\t\t\t\t\t<\/a>\n\t\t<\/div>\n\t\t\t\t<\/div>\n\t\t\t\t<\/div>\n\t\t\t\t<div class=\"elementor-element elementor-element-cc77aea elementor-widget elementor-widget-image\" data-id=\"cc77aea\" data-element_type=\"widget\" data-widget_type=\"image.default\">\n\t\t\t\t<div class=\"elementor-widget-container\">\n\t\t\t\t\t<div class=\"elementor-image\">\n\t\t\t\t\t\t\t\t\t\t<img decoding=\"async\" width=\"713\" height=\"1024\" data-src=\"https:\/\/paro.ca\/wp-content\/uploads\/2025\/04\/Untitled-1080-x-1550-px-713x1024.png\" class=\"attachment-large size-large lazyload\" alt=\"\" data-srcset=\"https:\/\/paro.ca\/wp-content\/uploads\/2025\/04\/Untitled-1080-x-1550-px-713x1024.png 713w, https:\/\/paro.ca\/wp-content\/uploads\/2025\/04\/Untitled-1080-x-1550-px-209x300.png 209w, https:\/\/paro.ca\/wp-content\/uploads\/2025\/04\/Untitled-1080-x-1550-px-768x1102.png 768w, https:\/\/paro.ca\/wp-content\/uploads\/2025\/04\/Untitled-1080-x-1550-px-1070x1536.png 1070w, https:\/\/paro.ca\/wp-content\/uploads\/2025\/04\/Untitled-1080-x-1550-px-8x12.png 8w, https:\/\/paro.ca\/wp-content\/uploads\/2025\/04\/Untitled-1080-x-1550-px.png 1080w\" data-sizes=\"(max-width: 713px) 100vw, 713px\" src=\"data:image\/svg+xml;base64,PHN2ZyB3aWR0aD0iMSIgaGVpZ2h0PSIxIiB4bWxucz0iaHR0cDovL3d3dy53My5vcmcvMjAwMC9zdmciPjwvc3ZnPg==\" style=\"--smush-placeholder-width: 713px; --smush-placeholder-aspect-ratio: 713\/1024;\" \/>\t\t\t\t\t\t\t\t\t\t\t<\/div>\n\t\t\t\t<\/div>\n\t\t\t\t<\/div>\n\t\t\t\t\t\t<\/div>\n\t\t\t\t\t<\/div>\n\t\t<\/div>\n\t\t\t\t\t\t\t\t<\/div>\n\t\t\t\t\t<\/div>\n\t\t<\/section>\n\t\t\t\t\t\t<\/div>\n\t\t\t\t\t<\/div>\n\t\t<\/div>\n\t\t\t\t\t\t\t\t<\/div>\n\t\t\t\t\t<\/div>\n\t\t<\/section>\n\t\t\t\t\t\t<\/div>\n\t\t\t\t\t\t<\/div>\n\t\t\t\t\t<\/div>","protected":false},"excerpt":{"rendered":"<p>The Self-Made Breakfast Tour\u200b Take your business to new heights with the Self-Made Breakfast Tour, presented by PARO Centre for Women\u2019s Enterprise Canada. \ud83c\udf89 Excited to share that we\u2019ve been nominated for the Canadian Event Awards. \ud83c\udf89 Grateful for the recognition and for everyone who helped make this possible. You have a big dream for [&hellip;]<\/p>\n","protected":false},"author":1,"featured_media":0,"parent":0,"menu_order":0,"comment_status":"closed","ping_status":"closed","template":"","meta":{"footnotes":""},"class_list":["post-13637","page","type-page","status-publish","hentry"],"_links":{"self":[{"href":"https:\/\/paro.ca\/fr\/wp-json\/wp\/v2\/pages\/13637","targetHints":{"allow":["GET"]}}],"collection":[{"href":"https:\/\/paro.ca\/fr\/wp-json\/wp\/v2\/pages"}],"about":[{"href":"https:\/\/paro.ca\/fr\/wp-json\/wp\/v2\/types\/page"}],"author":[{"embeddable":true,"href":"https:\/\/paro.ca\/fr\/wp-json\/wp\/v2\/users\/1"}],"replies":[{"embeddable":true,"href":"https:\/\/paro.ca\/fr\/wp-json\/wp\/v2\/comments?post=13637"}],"version-history":[{"count":3,"href":"https:\/\/paro.ca\/fr\/wp-json\/wp\/v2\/pages\/13637\/revisions"}],"predecessor-version":[{"id":14886,"href":"https:\/\/paro.ca\/fr\/wp-json\/wp\/v2\/pages\/13637\/revisions\/14886"}],"wp:attachment":[{"href":"https:\/\/paro.ca\/fr\/wp-json\/wp\/v2\/media?parent=13637"}],"curies":[{"name":"wp","href":"https:\/\/api.w.org\/{rel}","templated":true}]}}