{"id":225,"date":"2020-07-14T14:43:20","date_gmt":"2020-07-14T18:43:20","guid":{"rendered":"http:\/\/new.paro.ca\/?page_id=225"},"modified":"2026-04-23T11:09:21","modified_gmt":"2026-04-23T15:09:21","slug":"community-partners","status":"publish","type":"page","link":"https:\/\/paro.ca\/fr\/community-partners\/","title":{"rendered":"Partenaires communautaires"},"content":{"rendered":"<h1>Partenaires communautaires<\/h1>\n<p>PARO a un long historique dans le d\u00e9veloppement de partenariats, et participe activement \u00e0 de nombreux d\u00e9veloppements \u00e9conomiques et d\u2019affaires vari\u00e9s, provinciaux et nationaux, en entreprise sociale, financement social et initiatives de politiques.\u00a0<\/p>\n<h3>Nos partenaires communautaires sont:<\/h3>\n<p><a href=\"http:\/\/ticdc.ca\/#:~:text=Thousand%20Islands%20Community%20Futures%20Development%20Corporation%20%7C%20our,Regional%20Relief%20and%20Recovery%20Fund%20is%20fully%20subscribed\">1000 Islands Soci\u00e9t\u00e9<\/a> <a href=\"http:\/\/ticdc.ca\/#:~:text=Thousand%20Islands%20Community%20Futures%20Development%20Corporation%20%7C%20our,Regional%20Relief%20and%20Recovery%20Fund%20is%20fully%20subscribed\">de d\u00e9veloppement communautaire<\/a><a href=\"https:\/\/www.alterna.ca\/\">Alterna Savings\u00a0<\/a><a href=\"https:\/\/atikokaninfo.com\/aedc\/\">Atikokan Soci\u00e9t\u00e9 de d\u00e9veloppement \u00e9conomique<\/a><a href=\"https:\/\/www.barrick.com\/English\/home\/default.aspx\">Barrick Gold Mine<\/a><a href=\"https:\/\/baycreditunion.com\/\">Bay Credit Union<\/a><a href=\"https:\/\/bellevillechamber.ca\/\">Belleville - Chambre de Commerce<\/a><a href=\"http:\/\/business.quintewestchamber.ca\/list\/member\/small-business-centre-58\">Belleville\/Hastings County\/ Lennox &amp; Addington\/ Prince Edward County \/ Quinte West Small Centre d\u2019affaires<\/a><a href=\"http:\/\/www.brightonchamber.ca\/\">Brighton - Chambre de commerce<\/a><a href=\"https:\/\/www.eecentre.com\/\">Brockville - Centre Emploi et \u00c9ducation<\/a><a href=\"http:\/\/www.timminsedc.com\/business\/\">Corporation du d\u00e9veloppement \u00e9conomique de  Timmins<\/a>Business Women&#8217;s Network of North Bay<a href=\"https:\/\/www.caissealliance.com\/en\/centres\/hearst\/\">Caisse Populaire de Hearst<\/a><br \/><a href=\"https:\/\/ccednet-rcdec.ca\/en\">Le R\u00e9seau canadien de D\u00e9veloppement \u00e9conomique communautaire<\/a><a href=\"https:\/\/www.ceso-saco.com\/\">Service d\u2019assistance canadienne aux organismes (SACO)<\/a><a href=\"https:\/\/www.cibc.com\/en\/personal-banking.html\">La banque CIBC<\/a><a href=\"https:\/\/canwcc.ca\/\">Canadian Women&#8217;s Chamber of Commerce<\/a><a href=\"http:\/\/www.catalystsx.ca\/organization\/\">CatalystsX<\/a><a href=\"https:\/\/ssmcdc.com\/\">Soci\u00e9t\u00e9 de d\u00e9veloppement communautaire de Sault Ste. Marie &amp; r\u00e9gion\u00a0 \u00a0 \u00a0 \u00a0 \u00a0 \u00a0 \u00a0<\/a> \u00a0 \u00a0 \u00a0 \u00a0 \u00a0 \u00a0 \u00a0 \u00a0 \u00a0 \u00a0 \u00a0 \u00a0 \u00a0 \u00a0 \u00a0<a href=\"https:\/\/centreforbusiness.ca\/\">Centre for Business and Economic Development<\/a><a href=\"https:\/\/community-futures.ca\/\">SADC de  North &amp; Central Hastings and South Algonquin<\/a><a href=\"https:\/\/cfdcck.on.ca\/\">Chatham-Kent SACD<\/a><a href=\"http:\/\/www.chukuni.com\/\">Chukuni Soci\u00e9t\u00e9 de d\u00e9veloppement des collectivit\u00e9s<\/a><a href=\"https:\/\/www.cawi-ivtf.org\/\">Initiative : une ville pour toutes les femmes (IVTF)<\/a><a href=\"http:\/\/www.cfmiddlesex.ca\/\">Community Futures Middlesex<\/a><a href=\"https:\/\/communityfuturespeterborough.ca\/\">Community Futures Peterborough<\/a><a href=\"https:\/\/www.confederationcollege.ca\/\">Coll\u00e8ge Conf\u00e9d\u00e9ration<\/a><a href=\"https:\/\/www.cbwncanada.com\/\" target=\"_blank\" rel=\"noopener noreferrer\">Connected Business Women&#8217;s Network<\/a><a href=\"https:\/\/www.cco.coop\/\">Conseil de la Cooperation de L\u2019Ontario<\/a><a href=\"https:\/\/contactnorth.ca\/\">Contact Nord<\/a><a href=\"https:\/\/www.copperfin.ca\/Personal\/\">Copperfin Credit Union<\/a><a href=\"https:\/\/business.sdgcounties.ca\/local-business\/business-directory\/cornwall-and-counties-community-futures-development-corporation\">Cornwall &amp; the Counties SADC\u00a0 \u00a0 \u00a0 \u00a0 \u00a0 \u00a0 \u00a0 \u00a0 \u00a0 \u00a0 \u00a0<\/a> \u00a0 \u00a0 \u00a0 \u00a0 \u00a0 \u00a0 \u00a0 \u00a0 \u00a0 \u00a0 \u00a0\u00a0<a href=\"https:\/\/www.cornwall.ca\/en\/do-business\/cornwall-business-enterprise-centre.aspx\">Cornwall - Centre d\u2019affaires<\/a><a href=\"https:\/\/www.cornwallinnovation.ca\/\">Cornwall - Centre d\u2019innovation<\/a><a href=\"https:\/\/www.coworkly.ca\/\">CoWorkly\u00a0<\/a><a href=\"https:\/\/www.drydenchamber.ca\/\">Dryden - Chambre de Commerce<\/a><a href=\"https:\/\/www.dryden.ca\/en\/business\/economic-development.aspx\">Dryden  - Soci\u00e9t\u00e9 de d\u00e9veloppement \u00e9conomique<\/a><a href=\"https:\/\/drydenchamber.ca\/young-professionals-network\/\">Dryden Young Professional Network<\/a><a href=\"https:\/\/communityfutures.online\/eastalgoma\/index.php?lang=en-ca\">Soci\u00e9t\u00e9 d\u2019aide au d\u00e9veloppement des<\/a> <a href=\"https:\/\/www.serdc.mb.ca\/programs-and-services\/economic-development\/community-futures\">collectivit\u00e9s d\u2019Algoma est<\/a><a href=\"http:\/\/economicpartners.com\/\">Partenaires dans l\u2019\u00e9conomie - Sudbury Est\/Nipissing Ouest Inc.<\/a><a href=\"https:\/\/www.elnos.com\/\">ELNOS Corporation for Business Development<\/a><a href=\"http:\/\/enterpriserenfrewcounty.com\/\">Enterprise Comt\u00e9 de Renfrew<\/a><a href=\"https:\/\/www.enterprisetemiskaming.ca\/index.html\">Enterprise Temiskaming Centre de ressources pour petites entreprises<\/a><a href=\"https:\/\/frontenaccfdc.com\/\">Frontenac - Soci\u00e9t\u00e9 d\u2019aide au d\u00e9veloppement des collectivit\u00e9s<\/a><a href=\"https:\/\/www.futurpreneur.ca\/en\/\">Futurpreneur Canada<\/a><a href=\"https:\/\/canadianwomen.org\/our-work\/gender-equality-network-canada\/\">Le R\u00e9seau d\u2019\u00e9galit\u00e9 des genres Canada<\/a><a href=\"http:\/\/www.gedc.ca\/\">Soci\u00e9t\u00e9 de d\u00e9veloppement \u00e9conomique de Greenstone<\/a><a href=\"https:\/\/www.grenvillecfdc.com\/\">Grenville - Soci\u00e9t\u00e9 d\u2019aide au d\u00e9veloppement des collectivit\u00e9s\u00a0 \u00a0<\/a>\u00a0<a href=\"http:\/\/www.haliburtonchamber.com\/\">Haliburton - Chambre de Commerce<\/a><a href=\"https:\/\/www.haliburtoncdc.ca\/\">Haliburton County Development Corp (SADC)<\/a><a href=\"https:\/\/www.ignace.ca\/business\/resources\/ignace-area-business-association\">Association des entreprises de la r\u00e9gion d\u2019Ignace<\/a><a href=\"https:\/\/www.ignace.ca\/town-hall\/departments\/economic-development\">D\u00e9partement du d\u00e9veloppement \u00e9conomique d\u2019Ignace<\/a><a href=\"https:\/\/ottawa.impacthub.net\/\">Impact Hub Ottawa\u00a0<\/a><a href=\"https:\/\/business.tbchamber.ca\/list\/member\/impala-canada-limited-1216\">Impala Platinum Holdings Limited (Impala)<\/a><a href=\"https:\/\/www.lakeheadu.ca\/centre\/ingenuity\">Ingenuity - Universit\u00e9 Lakehead<\/a><br \/><a href=\"https:\/\/rotarysocialinnovators.org\/\">International E-Rotary Club for Social Innovators<\/a><a href=\"https:\/\/www.investottawa.ca\/\">Investir Ottawa<\/a><a href=\"https:\/\/kagitamikam.com\/\">Kagita Mikam<\/a><a href=\"http:\/\/klcfdc.com\/\">Kawartha Lakes CFDC<\/a><a href=\"http:\/\/www.kenorachamber.com\/\">Kenora &amp; District - Chambre de Commerce<\/a><a href=\"https:\/\/keys.ca\/\">Centre d\u2019emploi KEYS<\/a><a href=\"http:\/\/kdcdc.com\/\">Kirkland &amp; District - Soci\u00e9t\u00e9 de d\u00e9veloppement des collectivit\u00e9s<\/a><a href=\"https:\/\/www.lowbic.on.ca\/\">Lake Of The Woods Business Incentive Corporation<\/a><a href=\"https:\/\/www.lambac.org\/\">LAMBAC SADC<\/a><a href=\"http:\/\/loyalisttraining.com\/\">Loyalist Training and Knowledge Centre<\/a><a href=\"https:\/\/mamaweswen.com\/\">MAMAWESWEN (North Shore Tribal council)\u00a0<\/a><a href=\"https:\/\/manitouwadgelearningcentre.godaddysites.com\/\">Manitouwadge Centre de formation<\/a><a href=\"https:\/\/www.marathondumedoc.com\/en\/\">Marathon EDO<\/a><a href=\"http:\/\/www.metisnation.org\/\">M\u00e9tis Nation de l\u2019Ontario<\/a><a href=\"https:\/\/www.mvdf.ca\/\">M\u00e9tis Voyageur Fond de d\u00e9veloppement<\/a><a href=\"https:\/\/themillworks.ca\/\">Millworks Centre - Centre pour l\u2019entreprenariat<\/a><a href=\"http:\/\/www.akwesasne.ca\/\">Mohawk Council of Akwesasne<\/a>More Than Words - Services d\u2019emploi Geraldton<a href=\"https:\/\/muskokafutures.ca\/\">Muskoka Futures (SADC)<\/a><a href=\"https:\/\/www.napaneechamber.ca\/\">Napanee - Chambre de Commerce<\/a><a href=\"https:\/\/neco.on.ca\/\">NECO Soci\u00e9t\u00e9 d\u2019aide au<\/a> du bassin de Nickel<a href=\"http:\/\/nickelbasin.ca\/\">Soci\u00e9t\u00e9 f\u00e9d\u00e9rale de d\u00e9veloppement<\/a> du bassin de Nickel<a href=\"http:\/\/www.nadf.org\/\">Nishnawbe Aski Development Fund (NADF)<\/a><a href=\"https:\/\/www.nan.ca\/\">Nishnawbe Aski Nation&#8217;s Women&#8217;s Council<\/a><a href=\"https:\/\/www.nordaski.com\/\">Nord-Aski Corporation de d\u00e9veloppement \u00e9conomique r\u00e9gional<\/a><a href=\"http:\/\/www.nordikinstitute.com\/\">NORDIK<\/a><a href=\"https:\/\/www.northclaybelt.com\/\">North Claybelt SADC<\/a><a href=\"https:\/\/nscfdc.on.ca\/\">North Simcoe SACD<\/a><a href=\"https:\/\/www.ncds4jobs.ca\/\">Northern Community Development Services (NCDS) - Services d\u2019emploi<\/a><a href=\"https:\/\/financingandstrategy.com\/\">Northumberland Soci\u00e9t\u00e9 d\u2019aide au d\u00e9veloppement des collectivit\u00e9s<\/a><a href=\"http:\/\/www.nwbiz.ca\/\">Northwest Business Centre - Centre d\u2019affaires<\/a><a href=\"https:\/\/www.northwestworks.ca\/\">Northwest Employment Works - Services d\u2019emploi<\/a><a href=\"https:\/\/www.ntab.on.ca\/\">Northwest Training &amp; Adjustment Board (NTAB)<\/a><a href=\"https:\/\/www.nwoinnovation.ca\/\">Northwestern Ontario Innovation Centre<\/a><a href=\"https:\/\/www.nottawasaga.com\/\">Nottawasaga Futures<\/a><a href=\"https:\/\/www.orilliacdc.com\/\">Orillia et r\u00e9gion Soci\u00e9t\u00e9 d\u2019aide au d\u00e9veloppement communautaire<\/a><a href=\"https:\/\/oclf.org\/\">Fonds d\u2019emprunt communautaires d\u2019Ottawa<\/a><a href=\"https:\/\/cbdc.parrysound.on.ca\/\">Centre communautaire des affaires et de d\u00e9veloppement de la r\u00e9gion de Parry Sound<\/a><a href=\"https:\/\/www.pace-cf.on.ca\/\">Patricia Area Community Endeavours<\/a><a href=\"https:\/\/www.sdcpr-prcdc.ca\/en\/\">Soci\u00e9t\u00e9 de d\u00e9veloppement communautaire de Prescott-Russell\u00a0<\/a> \u00a0 \u00a0 \u00a0<a href=\"https:\/\/pelacfdc.ca\/\">Prince Edward\/Lennox &amp; Addington SADC<\/a><a href=\"https:\/\/www.pdac.ca\/\">Prospectors &amp; Developers Association of Canada (PDAC)<\/a>Quintevation<a href=\"https:\/\/rrfdc.on.ca\/\">Rainy River - Soci\u00e9t\u00e9 d\u2019aide au d\u00e9veloppement des collectivit\u00e9s<\/a><a href=\"http:\/\/wawarehc.com\/\">Centre r\u00e9gional d\u2019aide \u00e0 l\u2019emploi - Dubreuilville - Wawa - White River<\/a><a href=\"https:\/\/www.rccfdc.org\/\">Renfrew County - Soci\u00e9t\u00e9 d\u2019aide au d\u00e9veloppement des collectivit\u00e9s<\/a><a href=\"https:\/\/www.rbcroyalbank.com\/personal.html\">Banque royale du Canada<\/a><a href=\"https:\/\/www.ryerson.ca\/diversity\/\">Ryerson University-Diversity Institute (WEKH)<\/a><a href=\"https:\/\/www.scotiabank.com\/ca\/en\/personal.html\">Banque Scotia<\/a><a href=\"http:\/\/www.7generations.org\/\">Seven Generations Education Institute<\/a><a href=\"https:\/\/www.siouxhudsonliteracy.com\/\">Sioux Hudson Literacy Group<\/a> <a href=\"https:\/\/goodlearninganywhere.com\/?cac=1605113828\">Good Learning Everywhere<\/a><br \/><a href=\"https:\/\/www.ssfpa.net\/\">Small Scale Food Processing Canada<\/a><a href=\"https:\/\/www.ssfpa.net\/\">Small Scale Food Processor Association (SSFPA)\u00a0<\/a><a href=\"https:\/\/southlakefutures.ca\/\">South Lake SADC<\/a><a href=\"https:\/\/www.southtemiskaming.com\/index.php\/en\/\">Temiskaming Sud -  Soci\u00e9t\u00e9 d\u2019aide au d\u00e9veloppement des collectivit\u00e9s<\/a><a href=\"https:\/\/sparkcentre.org\/\">Spark Centre<\/a><a href=\"https:\/\/www.ssmic.com\/\">SSM innovation centre - Renforcement des id\u00e9es innovantes\u00a0<\/a><a href=\"http:\/\/www.superioreastcfdc.ca\/about-us\/\">Sup\u00e9rior Est Soci\u00e9t\u00e9 d\u2019aide au d\u00e9veloppement des collectivit\u00e9s<\/a><a href=\"http:\/\/www.sncfdc.org\/#:~:text=Superior%20North%20Community%20Futures%20Development%20Corporation%20%28CFDC%29%20supports,is%20run%20by%20a%20board%20of%20local%20volunteers.\">Sup\u00e9rieur Nord Soci\u00e9t\u00e9 d\u2019aide au d\u00e9veloppement des collectivit\u00e9s<\/a><a href=\"https:\/\/www.td.com\/ca\/en\/personal-banking\/\">TD Canada Trust<\/a><a href=\"http:\/\/tbcnps.ca\/\">TBC - le centre d\u2019entreprise Nipissing Parry Sound<\/a><a href=\"http:\/\/www.nccc.trade\/#:~:text=Netherlands-Canada%20Chamber%20of%20Commerce%20The%20Netherlands-Canada%20Chamber%20of,and%20cultural%20affairs%20between%20Canada%20and%20the%20Netherlands.\">The Netherlands-Canada Chambre de Commerce<\/a><a href=\"http:\/\/www.thetablecfc.org\/\">The Table Community Food Centre<\/a><a href=\"http:\/\/www.venturecentre.on.ca\/\">The Venture Centre<\/a><a href=\"https:\/\/www.thessalonfirstnation.ca\/\">Thessalon First Nation\u00a0<\/a><a href=\"https:\/\/www.thunderbay.ca\/en\/CEDC.aspx\">Thunder Bay Soci\u00e9t\u00e9 de d\u00e9veloppement communautaire<\/a><a href=\"http:\/\/www.thunderbay.org\/\">Thunder Bay Multicultural Association<\/a><a href=\"http:\/\/www.thunderbayventures.com\/\">Thunder Bay Ventures (SADC)<\/a><a href=\"http:\/\/trleger.ucdsb.on.ca\/\">TR Leger School of Adult, Alternative &amp; Continuing Education<\/a><a href=\"https:\/\/www.tradecommissioner.gc.ca\/index.aspx?lang=eng\">Service de d\u00e9l\u00e9gu\u00e9s commerciaux<\/a><a href=\"http:\/\/trainingandlearningcentre.ca\/\">Training &amp; Learning Centre of Renfrew County<\/a><a href=\"https:\/\/trenval.ca\/\">Trenval Business Development Corp<\/a><a href=\"https:\/\/upwithwomen.org\/\">Up With Women<\/a><a href=\"http:\/\/www.vala.ca\/\">Valley Adult Learning Association<\/a><a href=\"https:\/\/www.valleycfdc.com\/\">Valley Heartland Soci\u00e9t\u00e9 d\u2019aide au d\u00e9veloppement des collectivit\u00e9s<\/a><a href=\"https:\/\/www.wakenagun.ca\/\">Wakenagun Soci\u00e9t\u00e9 d\u2019aide au d\u00e9veloppement des collectivit\u00e9s<\/a><a href=\"https:\/\/www.waubetek.com\/\">Waubetek Business Development Corporation<\/a><br \/><a href=\"https:\/\/www.ic.gc.ca\/eic\/site\/114.nsf\/eng\/home\">Portail de connaissances pour<\/a> les femmes en entrepreneuriat<a href=\"https:\/\/weoc.ca\/\">Women&#8217;s Enterprise Organizations of Ontario<\/a><a href=\"https:\/\/womenseconomiccouncil.ca\/\">Le conseil \u00e9conomique des femmes<\/a><br \/>\n\t\t\t\t0<br \/>\n\t\t\t\t\t\t\tEntreprises soutenues<br \/>\n\t\t\t\t$<br \/>\n\t\t\t\t0<br \/>\n\t\t\t\t\t\t\tSubventions des programmes PARO<br \/>\n\t\t\t\t$<br \/>\n\t\t\t\t0<br \/>\n\t\t\t\t\t\t\tTotal en dollars des subventions vers\u00e9es aux clients<br \/>\n\t\t\t\t\t\t\t\t\t\t\t<a href=\"https:\/\/www.canada.ca\/en.html\"><br \/>\n\t\t\t\t\t\t\t<img decoding=\"async\" width=\"740\" height=\"148\" data-src=\"https:\/\/paro.ca\/wp-content\/uploads\/2020\/12\/bigggggggggg-2.png\" alt=\"\" data-srcset=\"https:\/\/paro.ca\/wp-content\/uploads\/2020\/12\/bigggggggggg-2.png 1920w, https:\/\/paro.ca\/wp-content\/uploads\/2020\/12\/bigggggggggg-2-300x60.png 300w, https:\/\/paro.ca\/wp-content\/uploads\/2020\/12\/bigggggggggg-2-1024x205.png 1024w, https:\/\/paro.ca\/wp-content\/uploads\/2020\/12\/bigggggggggg-2-768x154.png 768w, https:\/\/paro.ca\/wp-content\/uploads\/2020\/12\/bigggggggggg-2-1536x307.png 1536w, https:\/\/paro.ca\/wp-content\/uploads\/2020\/12\/bigggggggggg-2-16x3.png 16w, https:\/\/paro.ca\/wp-content\/uploads\/2020\/12\/bigggggggggg-2-600x120.png 600w\" data-sizes=\"(max-width: 740px) 100vw, 740px\" src=\"data:image\/svg+xml;base64,PHN2ZyB3aWR0aD0iMSIgaGVpZ2h0PSIxIiB4bWxucz0iaHR0cDovL3d3dy53My5vcmcvMjAwMC9zdmciPjwvc3ZnPg==\" class=\"lazyload\" style=\"--smush-placeholder-width: 740px; --smush-placeholder-aspect-ratio: 740\/148;\" \/>\t\t\t\t\t\t\t\t<\/a><br \/>\n\t\t\t\t\t\t\t\t\t\t\t<a href=\"https:\/\/cfc-swc.gc.ca\/index-en.html\"><br \/>\n\t\t\t\t\t\t\t<img decoding=\"async\" width=\"300\" height=\"300\" data-src=\"https:\/\/paro.ca\/wp-content\/uploads\/2020\/07\/can-1-300x300.png\" alt=\"\" data-srcset=\"https:\/\/paro.ca\/wp-content\/uploads\/2020\/07\/can-1-300x300.png 300w, https:\/\/paro.ca\/wp-content\/uploads\/2020\/07\/can-1-100x100.png 100w, https:\/\/paro.ca\/wp-content\/uploads\/2020\/07\/can-1-150x150.png 150w, https:\/\/paro.ca\/wp-content\/uploads\/2020\/07\/can-1.png 500w\" data-sizes=\"(max-width: 300px) 100vw, 300px\" src=\"data:image\/svg+xml;base64,PHN2ZyB3aWR0aD0iMSIgaGVpZ2h0PSIxIiB4bWxucz0iaHR0cDovL3d3dy53My5vcmcvMjAwMC9zdmciPjwvc3ZnPg==\" class=\"lazyload\" style=\"--smush-placeholder-width: 300px; --smush-placeholder-aspect-ratio: 300\/300;\" \/>\t\t\t\t\t\t\t\t<\/a><br \/>\n\t\t\t\t\t\t\t\t\t\t\t<a href=\"https:\/\/cfc-swc.gc.ca\/index-en.html\"><br \/>\n\t\t\t\t\t\t\t<img decoding=\"async\" width=\"500\" height=\"500\" data-src=\"https:\/\/paro.ca\/wp-content\/uploads\/2020\/07\/can-2.png\" alt=\"\" data-srcset=\"https:\/\/paro.ca\/wp-content\/uploads\/2020\/07\/can-2.png 500w, https:\/\/paro.ca\/wp-content\/uploads\/2020\/07\/can-2-100x100.png 100w, https:\/\/paro.ca\/wp-content\/uploads\/2020\/07\/can-2-300x300.png 300w, https:\/\/paro.ca\/wp-content\/uploads\/2020\/07\/can-2-150x150.png 150w\" data-sizes=\"(max-width: 500px) 100vw, 500px\" src=\"data:image\/svg+xml;base64,PHN2ZyB3aWR0aD0iMSIgaGVpZ2h0PSIxIiB4bWxucz0iaHR0cDovL3d3dy53My5vcmcvMjAwMC9zdmciPjwvc3ZnPg==\" class=\"lazyload\" style=\"--smush-placeholder-width: 500px; --smush-placeholder-aspect-ratio: 500\/500;\" \/>\t\t\t\t\t\t\t\t<\/a><br \/>\n\t\t\t\t\t\t\t\t\t\t\t<a href=\"https:\/\/wekh.ca\/\"><br \/>\n\t\t\t\t\t\t\t<img decoding=\"async\" width=\"500\" height=\"500\" data-src=\"https:\/\/paro.ca\/wp-content\/uploads\/2020\/07\/wekh.png\" alt=\"\" src=\"data:image\/svg+xml;base64,PHN2ZyB3aWR0aD0iMSIgaGVpZ2h0PSIxIiB4bWxucz0iaHR0cDovL3d3dy53My5vcmcvMjAwMC9zdmciPjwvc3ZnPg==\" class=\"lazyload\" style=\"--smush-placeholder-width: 500px; --smush-placeholder-aspect-ratio: 500\/500;\" \/>\t\t\t\t\t\t\t\t<\/a><\/p>","protected":false},"excerpt":{"rendered":"<p>Community Partners PARO has a long history of developing partnerships, as well as actively participating in a variety of provincial and national business and economic development, social enterprise, social finance, and policy initiatives.\u00a0 Our community partners include: 1000 Islands Community Development Corp.Alterna Savings\u00a0Atikokan EDCBarrick Gold MineBay Credit UnionBelleville Chamber of CommerceBelleville\/Hastings County\/ Lennox &amp; Addington\/ [&hellip;]<\/p>\n","protected":false},"author":1,"featured_media":0,"parent":0,"menu_order":0,"comment_status":"closed","ping_status":"closed","template":"","meta":{"footnotes":""},"class_list":["post-225","page","type-page","status-publish","hentry"],"_links":{"self":[{"href":"https:\/\/paro.ca\/fr\/wp-json\/wp\/v2\/pages\/225","targetHints":{"allow":["GET"]}}],"collection":[{"href":"https:\/\/paro.ca\/fr\/wp-json\/wp\/v2\/pages"}],"about":[{"href":"https:\/\/paro.ca\/fr\/wp-json\/wp\/v2\/types\/page"}],"author":[{"embeddable":true,"href":"https:\/\/paro.ca\/fr\/wp-json\/wp\/v2\/users\/1"}],"replies":[{"embeddable":true,"href":"https:\/\/paro.ca\/fr\/wp-json\/wp\/v2\/comments?post=225"}],"version-history":[{"count":0,"href":"https:\/\/paro.ca\/fr\/wp-json\/wp\/v2\/pages\/225\/revisions"}],"wp:attachment":[{"href":"https:\/\/paro.ca\/fr\/wp-json\/wp\/v2\/media?parent=225"}],"curies":[{"name":"wp","href":"https:\/\/api.w.org\/{rel}","templated":true}]}}